{"id":877,"date":"2022-06-22T22:58:36","date_gmt":"2022-06-22T22:58:36","guid":{"rendered":"https:\/\/www.chirocean.fr\/?page_id=877"},"modified":"2025-10-01T08:16:40","modified_gmt":"2025-10-01T08:16:40","slug":"chiropraxie-aquatique","status":"publish","type":"page","link":"https:\/\/www.chirocean.fr\/eu\/chiropraxie-aquatique\/","title":{"rendered":"Chiropraxie aquatique"},"content":{"rendered":"\n<figure class=\"wp-block-image size-large\"><img loading=\"lazy\" decoding=\"async\" width=\"1024\" height=\"763\" src=\"https:\/\/www.chirocean.fr\/wp-content\/uploads\/2025\/10\/IMG-20241004-WA0026-1024x763.jpg\" alt=\"\" class=\"wp-image-906\" srcset=\"https:\/\/www.chirocean.fr\/wp-content\/uploads\/2025\/10\/IMG-20241004-WA0026-1024x763.jpg 1024w, https:\/\/www.chirocean.fr\/wp-content\/uploads\/2025\/10\/IMG-20241004-WA0026-300x224.jpg 300w, https:\/\/www.chirocean.fr\/wp-content\/uploads\/2025\/10\/IMG-20241004-WA0026-768x572.jpg 768w, https:\/\/www.chirocean.fr\/wp-content\/uploads\/2025\/10\/IMG-20241004-WA0026-1536x1144.jpg 1536w, https:\/\/www.chirocean.fr\/wp-content\/uploads\/2025\/10\/IMG-20241004-WA0026.jpg 1600w\" sizes=\"auto, (max-width: 1024px) 100vw, 1024px\" \/><\/figure>\n\n\n\n<p>Qu&#8217;est-ce que la Chiropraxie aquatique ? <br>Chir(eau) dans l&#8217;eau\/chir(eau)pratique \ud83d\ude0a<br>L&#8217;adaptation de soigner avec la pratique des mains dans l&#8217;eau (mais pas que).<\/p>\n\n\n\n<p>La Chiropraxie aquatique\/chiro dans l&#8217;eau permet de travailler en compl\u00e9mentarit\u00e9 des s\u00e9ances au cabinet.<\/p>\n\n\n\n<p>L&#8217;eau chaude permet une relaxation myofasciale, a un effet analg\u00e9sique, permet de pouvoir analyser le corps plus facilement. Elle favorise la per\u00e7eption de son propre corps dans l&#8217;espace, de sentir les d\u00e9s\u00e9quilibres, de l\u00e2cher prise, de laisser aller l&#8217;esprit et les emotions plus facilement.<\/p>\n\n\n\n<p>Cela permet de l\u00e2cher certaines adaptations par l&#8217;absence de pesenteur et d&#8217;observer les tensions sur les fascias, tester des corrections et voir les repercussions de mani\u00e8re globale sur le corps, ce ne sont plus les contacts induits qui bougent sur le corps inerte sur la table mais les tissus\/articulations du patient qui bougent autour des points de contacts. Tout le corps passe en mouvement autour du contact de palpation ou de correction\u00a0<img decoding=\"async\" src=\"https:\/\/fonts.gstatic.com\/s\/e\/notoemoji\/16.0\/1f30c\/72.png\" alt=\"\ud83c\udf0c\"> <\/p>\n\n\n\n<p>Etant initiateur entraineur apn\u00e9e niveau 2 je propose aussi des phases d&#8217;immersion pour profiter des bienfaits de l&#8217;apn\u00e9e et ou pour le travail chiropratique et ajustements immersifs.<br>La chiro dans le milieu aquatique peux sembler un concept etrange, encore un gadget ou autre jusqu&#8217;\u00e0 ce qu&#8217;on l&#8217;exp\u00e9rimente. <br> Une fois dans l&#8217;eau cela est tout de suite intuitif et coule de source. <br> Nous baignons d&#8217;abord dans le liquide amniotique. Que cela rappel des souvenirs aux premiers stades de notre existence ou non tout ce que je sais c&#8217;est qu&#8217;en flottaison les oreilles dans l&#8217;eau et les yeux ferm\u00e9s la &#8220;magie&#8221; op\u00e8re. <br> On l\u00e2che prise tr\u00e8s facilement pour partir tout comme en meditation en se laissant bercer par les flots, les sensations, en ressentant les diff\u00e9rents stimulis, forces caresses de l&#8217;eau sur la peau, corrections chiropratiques \u00e0 l&#8217;aide de l&#8217;eau\u2026 <br> On se demande pourquoi palper sur une surface r\u00e9sistante comme une table alors que dans l&#8217;eau, tout est mouvement et fluidit\u00e9, le corps se laisse aller sans r\u00e9sistance, la tens\u00e9grit\u00e9 est palpable et visible. Le corps ne ment plus, il laisse appara\u00eetre les compensations, restrictions, tensions, d\u00e9s\u00e9quilibres neurologiques\u2026<br> Il est plus facile de rep\u00e9rer cela et d&#8217;effectuer de petites stimulations et de voir les r\u00e9actions du corps, r\u00e9\u00e9valuer, utiliser des techniques chiropratiques que l&#8217;on transpose dans l&#8217;eau si cela ne suffit pas etc<\/p>\n\n\n\n<figure class=\"wp-block-image size-full\"><img loading=\"lazy\" decoding=\"async\" width=\"995\" height=\"547\" src=\"https:\/\/www.chirocean.fr\/wp-content\/uploads\/2025\/09\/chiro-dans-leau.jpg\" alt=\"\" class=\"wp-image-901\" srcset=\"https:\/\/www.chirocean.fr\/wp-content\/uploads\/2025\/09\/chiro-dans-leau.jpg 995w, https:\/\/www.chirocean.fr\/wp-content\/uploads\/2025\/09\/chiro-dans-leau-300x165.jpg 300w, https:\/\/www.chirocean.fr\/wp-content\/uploads\/2025\/09\/chiro-dans-leau-768x422.jpg 768w\" sizes=\"auto, (max-width: 995px) 100vw, 995px\" \/><\/figure>\n\n\n\n<figure class=\"wp-block-image size-large\"><img loading=\"lazy\" decoding=\"async\" width=\"1024\" height=\"760\" src=\"https:\/\/www.chirocean.fr\/wp-content\/uploads\/2025\/10\/IMG-20241004-WA0029-1024x760.jpg\" alt=\"\" class=\"wp-image-905\" srcset=\"https:\/\/www.chirocean.fr\/wp-content\/uploads\/2025\/10\/IMG-20241004-WA0029-1024x760.jpg 1024w, https:\/\/www.chirocean.fr\/wp-content\/uploads\/2025\/10\/IMG-20241004-WA0029-300x223.jpg 300w, https:\/\/www.chirocean.fr\/wp-content\/uploads\/2025\/10\/IMG-20241004-WA0029-768x570.jpg 768w, https:\/\/www.chirocean.fr\/wp-content\/uploads\/2025\/10\/IMG-20241004-WA0029-1536x1140.jpg 1536w, https:\/\/www.chirocean.fr\/wp-content\/uploads\/2025\/10\/IMG-20241004-WA0029.jpg 1568w\" sizes=\"auto, (max-width: 1024px) 100vw, 1024px\" \/><\/figure>\n\n\n\n<p>Je suis heureux de pouvoir \u00e0 pr\u00e9sent proposer des consultations de Chiropraxie dans la baln\u00e9oth\u00e9rapie des Embruns, en milieu aquatique naturel (Oc\u00e9an, lacs, rivi\u00e8res, etc) et en piscine \u00e0 domicile. <\/p>\n\n\n\n<p>Details pratiques:<\/p>\n\n\n\n<p>Lors de la s\u00e9ance je dispose des flotteurs au niveau des jambes et sous la t\u00eate puis le corps peut se rel\u00e2cher compl\u00e8tement ainsi que l&#8217;esprit.&nbsp;<\/p>\n\n\n\n<p>Je pourrai \u00eatre amen\u00e9 \u00e0 utiliser un pince nez pour des phases en immersion.&nbsp;<\/p>\n\n\n\n<p>Je peux aussi fournir des bouchons d&#8217;oreilles si la sensation d&#8217;eau dans les oreilles est d\u00e9sagr\u00e9able ou pour mieux d\u00e9connecter\u00a0<\/p>\n\n\n\n<p>La &#8220;Chiro dans l&#8217;eau&#8221;<br><\/p>\n\n\n\n\n\n<p>Un projet qui a matur\u00e9 pr\u00e8s de 4 ans dans mon esprit. Apr\u00e8s avoir presque perdu mes orteils au N\u00e9pal \u00e0 5500m par -16 degr\u00e9s pendant mon voyage chiropratique, avec des amis N\u00e9palais nous nous somme rendu dans des sources d&#8217;eau chaudes pour se remettre de la randonn\u00e9e. <br>Dans la source d&#8217;eau chaude mes amis m&#8217;ont parl\u00e9 de leurs courbatures douleurs etc et j&#8217;ai effectu\u00e9 des &#8220;s\u00e9ances de Chiropraxie&#8221; dans l&#8217;eau en les palpant sur le dos en flottant, assis sur une marche dans l&#8217;eau\u2026 Et ajust\u00e9 dans l&#8217;eau en flottaison et sur la marche pour certaines techniques m\u00e9caniques (ajustements lombaires, thoraciques). <br> Sur le moment cela m&#8217;est venu comme ca pour m&#8217;adapter car la situation s&#8217;y prettait et me suis amus\u00e9 \u00e0 palper dans l&#8217;eau observer un peu les effets de certains gestes, utilis\u00e9 certaines propri\u00e9t\u00e9s de l&#8217;eau\u2026<br> C&#8217;\u00e9tait peut \u00eatre les tous premiers tatons de ce qui pourrait devenir un jour une nouvelle approche de la Chiropraxie: la Chiropraxie Aquatique\/Chiro dans l&#8217;eau<br> J&#8217;ai trouv\u00e9 l&#8217;id\u00e9e int\u00e9ressante et cela est rest\u00e9 dans un coin de mon esprit. <br> En rentrant de voyage, j&#8217;ai cr\u00e9\u00e9 mon cabinet ChirOcean avec en premi\u00e8re id\u00e9e derri\u00e8re le nom, la Chiropraxie face \u00e0 l&#8217;oc\u00e9an et le fait de b\u00e9n\u00e9ficier des bienfaits de l&#8217;oc\u00e9an avant ou apr\u00e8s la consultation et divers raisons d\u00e9velopp\u00e9es plus bas. <br> La Chiropraxie dans l&#8217;eau \u00e9tait aussi en projet et faisait sens avec ChirOcean. <\/p>\n\n\n\n<figure class=\"wp-block-image size-large\"><img loading=\"lazy\" decoding=\"async\" width=\"1024\" height=\"807\" src=\"https:\/\/www.chirocean.fr\/wp-content\/uploads\/2025\/10\/IMG-20241004-WA0015-1024x807.jpg\" alt=\"\" class=\"wp-image-907\" srcset=\"https:\/\/www.chirocean.fr\/wp-content\/uploads\/2025\/10\/IMG-20241004-WA0015-1024x807.jpg 1024w, https:\/\/www.chirocean.fr\/wp-content\/uploads\/2025\/10\/IMG-20241004-WA0015-300x236.jpg 300w, https:\/\/www.chirocean.fr\/wp-content\/uploads\/2025\/10\/IMG-20241004-WA0015-768x605.jpg 768w, https:\/\/www.chirocean.fr\/wp-content\/uploads\/2025\/10\/IMG-20241004-WA0015-1536x1211.jpg 1536w, https:\/\/www.chirocean.fr\/wp-content\/uploads\/2025\/10\/IMG-20241004-WA0015.jpg 1540w\" sizes=\"auto, (max-width: 1024px) 100vw, 1024px\" \/><\/figure>\n","protected":false},"excerpt":{"rendered":"<p>Qu&#8217;est-ce que la Chiropraxie aquatique ? Chir(eau) dans l&#8217;eau\/chir(eau)pratique \ud83d\ude0aL&#8217;adaptation de soigner avec la pratique des mains dans l&#8217;eau (mais pas que). La Chiropraxie aquatique\/chiro dans l&#8217;eau permet de travailler en compl\u00e9mentarit\u00e9 des s\u00e9ances au cabinet. L&#8217;eau chaude permet une relaxation myofasciale, a un effet analg\u00e9sique, permet de pouvoir analyser le corps plus facilement. Elle&hellip; <a href=\"https:\/\/www.chirocean.fr\/eu\/chiropraxie-aquatique\/\" class=\"more-link\">Continue reading <span class=\"screen-reader-text\">Chiropraxie aquatique<\/span><\/a><\/p>\n","protected":false},"author":1,"featured_media":0,"parent":0,"menu_order":0,"comment_status":"closed","ping_status":"closed","template":"","meta":{"footnotes":""},"class_list":["post-877","page","type-page","status-publish","hentry","without-featured-image"],"translation":{"provider":"WPGlobus","version":"3.0.2","language":"eu","enabled_languages":["fr","en","es","eu"],"languages":{"fr":{"title":true,"content":true,"excerpt":false},"en":{"title":false,"content":false,"excerpt":false},"es":{"title":false,"content":false,"excerpt":false},"eu":{"title":false,"content":false,"excerpt":false}}},"yoast_head":"<!-- This site is optimized with the Yoast SEO plugin v27.5 - https:\/\/yoast.com\/product\/yoast-seo-wordpress\/ -->\n<title>Chiropraxie aquatique - Cabinet Chiropratique Pierre Buraglia<\/title>\n<meta name=\"robots\" content=\"index, follow, max-snippet:-1, max-image-preview:large, max-video-preview:-1\" \/>\n<link rel=\"canonical\" href=\"https:\/\/www.chirocean.fr\/chiropraxie-aquatique\/\" \/>\n<meta property=\"og:locale\" content=\"en_US\" \/>\n<meta property=\"og:type\" content=\"article\" \/>\n<meta property=\"og:title\" content=\"Chiropraxie aquatique - Cabinet Chiropratique Pierre Buraglia\" \/>\n<meta property=\"og:url\" content=\"https:\/\/www.chirocean.fr\/chiropraxie-aquatique\/\" \/>\n<meta property=\"og:site_name\" content=\"Cabinet Chiropratique Pierre Buraglia\" \/>\n<meta property=\"article:modified_time\" content=\"2025-10-01T08:16:40+00:00\" \/>\n<meta property=\"og:image\" content=\"https:\/\/www.chirocean.fr\/wp-content\/uploads\/2025\/10\/IMG-20241004-WA0026.jpg\" \/>\n\t<meta property=\"og:image:width\" content=\"1600\" \/>\n\t<meta property=\"og:image:height\" content=\"1192\" \/>\n\t<meta property=\"og:image:type\" content=\"image\/jpeg\" \/>\n<meta name=\"twitter:card\" content=\"summary_large_image\" \/>\n<meta name=\"twitter:label1\" content=\"Est. reading time\" \/>\n\t<meta name=\"twitter:data1\" content=\"5 minutes\" \/>\n<script type=\"application\/ld+json\" class=\"yoast-schema-graph\">{\"@context\":\"https:\\\/\\\/schema.org\",\"@graph\":[{\"@type\":\"WebPage\",\"@id\":\"https:\\\/\\\/www.chirocean.fr\\\/chiropraxie-aquatique\\\/\",\"url\":\"https:\\\/\\\/www.chirocean.fr\\\/chiropraxie-aquatique\\\/\",\"name\":\"Chiropraxie aquatique - Cabinet Chiropratique Pierre Buraglia\",\"isPartOf\":{\"@id\":\"https:\\\/\\\/www.chirocean.fr\\\/#website\"},\"primaryImageOfPage\":{\"@id\":\"https:\\\/\\\/www.chirocean.fr\\\/chiropraxie-aquatique\\\/#primaryimage\"},\"image\":{\"@id\":\"https:\\\/\\\/www.chirocean.fr\\\/chiropraxie-aquatique\\\/#primaryimage\"},\"thumbnailUrl\":\"https:\\\/\\\/www.chirocean.fr\\\/wp-content\\\/uploads\\\/2025\\\/10\\\/IMG-20241004-WA0026-1024x763.jpg\",\"datePublished\":\"2022-06-22T22:58:36+00:00\",\"dateModified\":\"2025-10-01T08:16:40+00:00\",\"breadcrumb\":{\"@id\":\"https:\\\/\\\/www.chirocean.fr\\\/chiropraxie-aquatique\\\/#breadcrumb\"},\"inLanguage\":\"eus\",\"potentialAction\":[{\"@type\":\"ReadAction\",\"target\":[\"https:\\\/\\\/www.chirocean.fr\\\/chiropraxie-aquatique\\\/\"]}]},{\"@type\":\"ImageObject\",\"inLanguage\":\"eus\",\"@id\":\"https:\\\/\\\/www.chirocean.fr\\\/chiropraxie-aquatique\\\/#primaryimage\",\"url\":\"https:\\\/\\\/www.chirocean.fr\\\/wp-content\\\/uploads\\\/2025\\\/10\\\/IMG-20241004-WA0026-1024x763.jpg\",\"contentUrl\":\"https:\\\/\\\/www.chirocean.fr\\\/wp-content\\\/uploads\\\/2025\\\/10\\\/IMG-20241004-WA0026-1024x763.jpg\"},{\"@type\":\"BreadcrumbList\",\"@id\":\"https:\\\/\\\/www.chirocean.fr\\\/chiropraxie-aquatique\\\/#breadcrumb\",\"itemListElement\":[{\"@type\":\"ListItem\",\"position\":1,\"name\":\"Accueil\",\"item\":\"https:\\\/\\\/www.chirocean.fr\\\/\"},{\"@type\":\"ListItem\",\"position\":2,\"name\":\"Chiropraxie aquatique\"}]},{\"@type\":\"WebSite\",\"@id\":\"https:\\\/\\\/www.chirocean.fr\\\/#website\",\"url\":\"https:\\\/\\\/www.chirocean.fr\\\/\",\"name\":\"Cabinet Chiropratique Pierre Buraglia\",\"description\":\"&quot;Laissez votre corps exprimer son plein potentiel&quot;\",\"publisher\":{\"@id\":\"https:\\\/\\\/www.chirocean.fr\\\/#organization\"},\"potentialAction\":[{\"@type\":\"SearchAction\",\"target\":{\"@type\":\"EntryPoint\",\"urlTemplate\":\"https:\\\/\\\/www.chirocean.fr\\\/?s={search_term_string}\"},\"query-input\":{\"@type\":\"PropertyValueSpecification\",\"valueRequired\":true,\"valueName\":\"search_term_string\"}}],\"inLanguage\":\"eus\"},{\"@type\":\"Organization\",\"@id\":\"https:\\\/\\\/www.chirocean.fr\\\/#organization\",\"name\":\"Cabinet Chiropratique Pierre Buraglia\",\"url\":\"https:\\\/\\\/www.chirocean.fr\\\/\",\"logo\":{\"@type\":\"ImageObject\",\"inLanguage\":\"eus\",\"@id\":\"https:\\\/\\\/www.chirocean.fr\\\/#\\\/schema\\\/logo\\\/image\\\/\",\"url\":\"https:\\\/\\\/www.chirocean.fr\\\/wp-content\\\/uploads\\\/2019\\\/08\\\/cropped-Chiroc\u00e9an-ombre.jpg\",\"contentUrl\":\"https:\\\/\\\/www.chirocean.fr\\\/wp-content\\\/uploads\\\/2019\\\/08\\\/cropped-Chiroc\u00e9an-ombre.jpg\",\"width\":4577,\"height\":1271,\"caption\":\"Cabinet Chiropratique Pierre Buraglia\"},\"image\":{\"@id\":\"https:\\\/\\\/www.chirocean.fr\\\/#\\\/schema\\\/logo\\\/image\\\/\"}}]}<\/script>\n<!-- \/ Yoast SEO plugin. -->","yoast_head_json":{"title":"Chiropraxie aquatique - Cabinet Chiropratique Pierre Buraglia","robots":{"index":"index","follow":"follow","max-snippet":"max-snippet:-1","max-image-preview":"max-image-preview:large","max-video-preview":"max-video-preview:-1"},"canonical":"https:\/\/www.chirocean.fr\/chiropraxie-aquatique\/","og_locale":"en_US","og_type":"article","og_title":"Chiropraxie aquatique - Cabinet Chiropratique Pierre Buraglia","og_url":"https:\/\/www.chirocean.fr\/chiropraxie-aquatique\/","og_site_name":"Cabinet Chiropratique Pierre Buraglia","article_modified_time":"2025-10-01T08:16:40+00:00","og_image":[{"width":1600,"height":1192,"url":"https:\/\/www.chirocean.fr\/wp-content\/uploads\/2025\/10\/IMG-20241004-WA0026.jpg","type":"image\/jpeg"}],"twitter_card":"summary_large_image","twitter_misc":{"Est. reading time":"5 minutes"},"schema":{"@context":"https:\/\/schema.org","@graph":[{"@type":"WebPage","@id":"https:\/\/www.chirocean.fr\/chiropraxie-aquatique\/","url":"https:\/\/www.chirocean.fr\/chiropraxie-aquatique\/","name":"Chiropraxie aquatique - Cabinet Chiropratique Pierre Buraglia","isPartOf":{"@id":"https:\/\/www.chirocean.fr\/#website"},"primaryImageOfPage":{"@id":"https:\/\/www.chirocean.fr\/chiropraxie-aquatique\/#primaryimage"},"image":{"@id":"https:\/\/www.chirocean.fr\/chiropraxie-aquatique\/#primaryimage"},"thumbnailUrl":"https:\/\/www.chirocean.fr\/wp-content\/uploads\/2025\/10\/IMG-20241004-WA0026-1024x763.jpg","datePublished":"2022-06-22T22:58:36+00:00","dateModified":"2025-10-01T08:16:40+00:00","breadcrumb":{"@id":"https:\/\/www.chirocean.fr\/chiropraxie-aquatique\/#breadcrumb"},"inLanguage":"eus","potentialAction":[{"@type":"ReadAction","target":["https:\/\/www.chirocean.fr\/chiropraxie-aquatique\/"]}]},{"@type":"ImageObject","inLanguage":"eus","@id":"https:\/\/www.chirocean.fr\/chiropraxie-aquatique\/#primaryimage","url":"https:\/\/www.chirocean.fr\/wp-content\/uploads\/2025\/10\/IMG-20241004-WA0026-1024x763.jpg","contentUrl":"https:\/\/www.chirocean.fr\/wp-content\/uploads\/2025\/10\/IMG-20241004-WA0026-1024x763.jpg"},{"@type":"BreadcrumbList","@id":"https:\/\/www.chirocean.fr\/chiropraxie-aquatique\/#breadcrumb","itemListElement":[{"@type":"ListItem","position":1,"name":"Accueil","item":"https:\/\/www.chirocean.fr\/"},{"@type":"ListItem","position":2,"name":"Chiropraxie aquatique"}]},{"@type":"WebSite","@id":"https:\/\/www.chirocean.fr\/#website","url":"https:\/\/www.chirocean.fr\/","name":"Cabinet Chiropratique Pierre Buraglia","description":"&quot;Laissez votre corps exprimer son plein potentiel&quot;","publisher":{"@id":"https:\/\/www.chirocean.fr\/#organization"},"potentialAction":[{"@type":"SearchAction","target":{"@type":"EntryPoint","urlTemplate":"https:\/\/www.chirocean.fr\/?s={search_term_string}"},"query-input":{"@type":"PropertyValueSpecification","valueRequired":true,"valueName":"search_term_string"}}],"inLanguage":"eus"},{"@type":"Organization","@id":"https:\/\/www.chirocean.fr\/#organization","name":"Cabinet Chiropratique Pierre Buraglia","url":"https:\/\/www.chirocean.fr\/","logo":{"@type":"ImageObject","inLanguage":"eus","@id":"https:\/\/www.chirocean.fr\/#\/schema\/logo\/image\/","url":"https:\/\/www.chirocean.fr\/wp-content\/uploads\/2019\/08\/cropped-Chiroc\u00e9an-ombre.jpg","contentUrl":"https:\/\/www.chirocean.fr\/wp-content\/uploads\/2019\/08\/cropped-Chiroc\u00e9an-ombre.jpg","width":4577,"height":1271,"caption":"Cabinet Chiropratique Pierre Buraglia"},"image":{"@id":"https:\/\/www.chirocean.fr\/#\/schema\/logo\/image\/"}}]}},"_links":{"self":[{"href":"https:\/\/www.chirocean.fr\/eu\/wp-json\/wp\/v2\/pages\/877","targetHints":{"allow":["GET"]}}],"collection":[{"href":"https:\/\/www.chirocean.fr\/eu\/wp-json\/wp\/v2\/pages"}],"about":[{"href":"https:\/\/www.chirocean.fr\/eu\/wp-json\/wp\/v2\/types\/page"}],"author":[{"embeddable":true,"href":"https:\/\/www.chirocean.fr\/eu\/wp-json\/wp\/v2\/users\/1"}],"replies":[{"embeddable":true,"href":"https:\/\/www.chirocean.fr\/eu\/wp-json\/wp\/v2\/comments?post=877"}],"version-history":[{"count":3,"href":"https:\/\/www.chirocean.fr\/eu\/wp-json\/wp\/v2\/pages\/877\/revisions"}],"predecessor-version":[{"id":908,"href":"https:\/\/www.chirocean.fr\/eu\/wp-json\/wp\/v2\/pages\/877\/revisions\/908"}],"wp:attachment":[{"href":"https:\/\/www.chirocean.fr\/eu\/wp-json\/wp\/v2\/media?parent=877"}],"curies":[{"name":"wp","href":"https:\/\/api.w.org\/{rel}","templated":true}]}}