{"id":429,"date":"2019-10-21T21:34:50","date_gmt":"2019-10-21T21:34:50","guid":{"rendered":"https:\/\/www.chirocean.fr\/?page_id=429"},"modified":"2020-04-28T17:19:46","modified_gmt":"2020-04-28T17:19:46","slug":"pourquoi-consulter","status":"publish","type":"page","link":"https:\/\/www.chirocean.fr\/eu\/pourquoi-consulter\/","title":{"rendered":"Pourquoi consulter ?"},"content":{"rendered":"\n<p>Pas besoin d&#8217;attendre d&#8217;avoir mal pour consulter ! <\/p>\n\n\n\n<p>En effet la chiropraxie a pour but d&#8217;aider \u00e0 soulager les troubles musculaires articulaires et nerveux mais aussi de les pr\u00e9venir et de tendre vers un \u00e9tat de sant\u00e9 optimal en travaillant sur le corps de fa\u00e7on globale et pr\u00e9ventive.<\/p>\n\n\n\n<p>Ci-dessous une liste des principaux de consultation :<\/p>\n\n\n\n<ul class=\"wp-block-list\"><li>Cervicalgie (douleur&nbsp;dans le cou) <\/li><li>Lombalgie&nbsp;(douleur&nbsp;dans le bas du dos)&nbsp;<\/li><li>Sciatique&nbsp;(face arri\u00e8re des cuisses) et cruralgie&nbsp;(face avant des cuisses)&nbsp;<\/li><li>Lumbago&nbsp;(blocage&nbsp;aigu&nbsp;du bas du dos)&nbsp;<\/li><li> Torticolis &nbsp;(blocage&nbsp;aigu du cou) <\/li><li>Dorsalgie&nbsp;(douleur&nbsp;entre les omoplates)&nbsp;<\/li><li>Dysfonctionnement du bassin (syndromes douloureux des sacro-iliaques)&nbsp;<\/li><li>N\u00e9vralgies intercostales<\/li><li>N\u00e9vralgies cervico-brachiales (douleurs cervicales irradiant dans un bras)&nbsp;<\/li><li>Douleurs en relation avec des troubles de statiques rachidiennes (scolioses, upper crossed syndrome, lower crossed syndrome&#8230;)<\/li><li>Certaines douleurs du coccyx&nbsp;<\/li><li>C\u00e9phal\u00e9es (maux de t\u00eate) d\u2019origine cervicale&nbsp;<\/li><li>Douleurs&nbsp;projet\u00e9es de la face d\u2019origine cervicale&nbsp;<\/li><li>Vertiges<\/li><li>Douleur ou dysfonctionnement de la m\u00e2choire ou articulation temporo-mandibulaire (SADAM)<\/li><\/ul>\n\n\n\n<p>Elle soulage \u00e9galement les affections des articulations :&nbsp;<\/p>\n\n\n\n<ul class=\"wp-block-list\"><li>\u00c9paule ou omoplate douloureuse&nbsp;<\/li><li>\u00c9picondylite du joueur de tennis (tennis elbow)&nbsp;<\/li><li>\u00c9pitrochl\u00e9ite du golfeur (golfer\u2019s elbow)&nbsp;<\/li><li>Tendinite&nbsp;<\/li><li>Genoux douloureux&nbsp;<\/li><li>Syndrome&nbsp;du canal carpien (poignets)&nbsp;<\/li><li>Douleurs aux talons ou aux&nbsp;chevilles<\/li><\/ul>\n\n\n\n<h3 class=\"wp-block-heading\">Les troubles fonctionnels<\/h3>\n\n\n\n<p>L\u2019am\u00e9lioration de troubles fonctionnels visc\u00e9raux (effets somato-visc\u00e9raux) apr\u00e8s prise en charge chiropratique est rapport\u00e9e de mani\u00e8re empirique par de nombreux cliniciens et patients (par exemple une modification du transit intestinal, une sensation d\u2019am\u00e9lioration respiratoire, une modification du cycle menstruel, une am\u00e9lioration des coliques infantiles, etc.).&nbsp;<br>&nbsp;<br>N\u00e9anmoins ces am\u00e9liorations ne sont pas syst\u00e9matiques et ne refl\u00e8tent pas l\u2019\u00e9tat actuel des connaissances scientifiques.<\/p>\n\n\n\n<p>Source : Association Fran\u00e7aise de Chiropraxie<\/p>\n","protected":false},"excerpt":{"rendered":"<p>Cervicalgie, lombalgie, sciatique, lumbago, torticolis, n\u00e9vralgie, maux de t\u00eate, vertiges, m\u00e2choire, tendinite <\/p>\n","protected":false},"author":1,"featured_media":0,"parent":0,"menu_order":0,"comment_status":"closed","ping_status":"closed","template":"","meta":{"footnotes":""},"class_list":["post-429","page","type-page","status-publish","hentry","without-featured-image"],"translation":{"provider":"WPGlobus","version":"3.0.2","language":"eu","enabled_languages":["fr","en","es","eu"],"languages":{"fr":{"title":true,"content":true,"excerpt":true},"en":{"title":false,"content":false,"excerpt":false},"es":{"title":false,"content":false,"excerpt":false},"eu":{"title":false,"content":false,"excerpt":false}}},"yoast_head":"<!-- This site is optimized with the Yoast SEO plugin v27.5 - https:\/\/yoast.com\/product\/yoast-seo-wordpress\/ -->\n<title>Pourquoi consulter ? - Cabinet Chiropratique Pierre Buraglia<\/title>\n<meta name=\"robots\" content=\"index, follow, max-snippet:-1, max-image-preview:large, max-video-preview:-1\" \/>\n<link rel=\"canonical\" href=\"https:\/\/www.chirocean.fr\/pourquoi-consulter\/\" \/>\n<meta property=\"og:locale\" content=\"en_US\" \/>\n<meta property=\"og:type\" content=\"article\" \/>\n<meta property=\"og:title\" content=\"Pourquoi consulter ? - Cabinet Chiropratique Pierre Buraglia\" \/>\n<meta property=\"og:url\" content=\"https:\/\/www.chirocean.fr\/pourquoi-consulter\/\" \/>\n<meta property=\"og:site_name\" content=\"Cabinet Chiropratique Pierre Buraglia\" \/>\n<meta property=\"article:modified_time\" content=\"2020-04-28T17:19:46+00:00\" \/>\n<meta name=\"twitter:card\" content=\"summary_large_image\" \/>\n<meta name=\"twitter:label1\" content=\"Est. reading time\" \/>\n\t<meta name=\"twitter:data1\" content=\"2 minutes\" \/>\n<script type=\"application\/ld+json\" class=\"yoast-schema-graph\">{\"@context\":\"https:\\\/\\\/schema.org\",\"@graph\":[{\"@type\":\"WebPage\",\"@id\":\"https:\\\/\\\/www.chirocean.fr\\\/pourquoi-consulter\\\/\",\"url\":\"https:\\\/\\\/www.chirocean.fr\\\/pourquoi-consulter\\\/\",\"name\":\"Pourquoi consulter ? - Cabinet Chiropratique Pierre Buraglia\",\"isPartOf\":{\"@id\":\"https:\\\/\\\/www.chirocean.fr\\\/#website\"},\"datePublished\":\"2019-10-21T21:34:50+00:00\",\"dateModified\":\"2020-04-28T17:19:46+00:00\",\"breadcrumb\":{\"@id\":\"https:\\\/\\\/www.chirocean.fr\\\/pourquoi-consulter\\\/#breadcrumb\"},\"inLanguage\":\"eus\",\"potentialAction\":[{\"@type\":\"ReadAction\",\"target\":[\"https:\\\/\\\/www.chirocean.fr\\\/pourquoi-consulter\\\/\"]}]},{\"@type\":\"BreadcrumbList\",\"@id\":\"https:\\\/\\\/www.chirocean.fr\\\/pourquoi-consulter\\\/#breadcrumb\",\"itemListElement\":[{\"@type\":\"ListItem\",\"position\":1,\"name\":\"Accueil\",\"item\":\"https:\\\/\\\/www.chirocean.fr\\\/\"},{\"@type\":\"ListItem\",\"position\":2,\"name\":\"Pourquoi consulter ?\"}]},{\"@type\":\"WebSite\",\"@id\":\"https:\\\/\\\/www.chirocean.fr\\\/#website\",\"url\":\"https:\\\/\\\/www.chirocean.fr\\\/\",\"name\":\"Cabinet Chiropratique Pierre Buraglia\",\"description\":\"&quot;Laissez votre corps exprimer son plein potentiel&quot;\",\"publisher\":{\"@id\":\"https:\\\/\\\/www.chirocean.fr\\\/#organization\"},\"potentialAction\":[{\"@type\":\"SearchAction\",\"target\":{\"@type\":\"EntryPoint\",\"urlTemplate\":\"https:\\\/\\\/www.chirocean.fr\\\/?s={search_term_string}\"},\"query-input\":{\"@type\":\"PropertyValueSpecification\",\"valueRequired\":true,\"valueName\":\"search_term_string\"}}],\"inLanguage\":\"eus\"},{\"@type\":\"Organization\",\"@id\":\"https:\\\/\\\/www.chirocean.fr\\\/#organization\",\"name\":\"Cabinet Chiropratique Pierre Buraglia\",\"url\":\"https:\\\/\\\/www.chirocean.fr\\\/\",\"logo\":{\"@type\":\"ImageObject\",\"inLanguage\":\"eus\",\"@id\":\"https:\\\/\\\/www.chirocean.fr\\\/#\\\/schema\\\/logo\\\/image\\\/\",\"url\":\"https:\\\/\\\/www.chirocean.fr\\\/wp-content\\\/uploads\\\/2019\\\/08\\\/cropped-Chiroc\u00e9an-ombre.jpg\",\"contentUrl\":\"https:\\\/\\\/www.chirocean.fr\\\/wp-content\\\/uploads\\\/2019\\\/08\\\/cropped-Chiroc\u00e9an-ombre.jpg\",\"width\":4577,\"height\":1271,\"caption\":\"Cabinet Chiropratique Pierre Buraglia\"},\"image\":{\"@id\":\"https:\\\/\\\/www.chirocean.fr\\\/#\\\/schema\\\/logo\\\/image\\\/\"}}]}<\/script>\n<!-- \/ Yoast SEO plugin. -->","yoast_head_json":{"title":"Pourquoi consulter ? - Cabinet Chiropratique Pierre Buraglia","robots":{"index":"index","follow":"follow","max-snippet":"max-snippet:-1","max-image-preview":"max-image-preview:large","max-video-preview":"max-video-preview:-1"},"canonical":"https:\/\/www.chirocean.fr\/pourquoi-consulter\/","og_locale":"en_US","og_type":"article","og_title":"Pourquoi consulter ? - Cabinet Chiropratique Pierre Buraglia","og_url":"https:\/\/www.chirocean.fr\/pourquoi-consulter\/","og_site_name":"Cabinet Chiropratique Pierre Buraglia","article_modified_time":"2020-04-28T17:19:46+00:00","twitter_card":"summary_large_image","twitter_misc":{"Est. reading time":"2 minutes"},"schema":{"@context":"https:\/\/schema.org","@graph":[{"@type":"WebPage","@id":"https:\/\/www.chirocean.fr\/pourquoi-consulter\/","url":"https:\/\/www.chirocean.fr\/pourquoi-consulter\/","name":"Pourquoi consulter ? - Cabinet Chiropratique Pierre Buraglia","isPartOf":{"@id":"https:\/\/www.chirocean.fr\/#website"},"datePublished":"2019-10-21T21:34:50+00:00","dateModified":"2020-04-28T17:19:46+00:00","breadcrumb":{"@id":"https:\/\/www.chirocean.fr\/pourquoi-consulter\/#breadcrumb"},"inLanguage":"eus","potentialAction":[{"@type":"ReadAction","target":["https:\/\/www.chirocean.fr\/pourquoi-consulter\/"]}]},{"@type":"BreadcrumbList","@id":"https:\/\/www.chirocean.fr\/pourquoi-consulter\/#breadcrumb","itemListElement":[{"@type":"ListItem","position":1,"name":"Accueil","item":"https:\/\/www.chirocean.fr\/"},{"@type":"ListItem","position":2,"name":"Pourquoi consulter ?"}]},{"@type":"WebSite","@id":"https:\/\/www.chirocean.fr\/#website","url":"https:\/\/www.chirocean.fr\/","name":"Cabinet Chiropratique Pierre Buraglia","description":"&quot;Laissez votre corps exprimer son plein potentiel&quot;","publisher":{"@id":"https:\/\/www.chirocean.fr\/#organization"},"potentialAction":[{"@type":"SearchAction","target":{"@type":"EntryPoint","urlTemplate":"https:\/\/www.chirocean.fr\/?s={search_term_string}"},"query-input":{"@type":"PropertyValueSpecification","valueRequired":true,"valueName":"search_term_string"}}],"inLanguage":"eus"},{"@type":"Organization","@id":"https:\/\/www.chirocean.fr\/#organization","name":"Cabinet Chiropratique Pierre Buraglia","url":"https:\/\/www.chirocean.fr\/","logo":{"@type":"ImageObject","inLanguage":"eus","@id":"https:\/\/www.chirocean.fr\/#\/schema\/logo\/image\/","url":"https:\/\/www.chirocean.fr\/wp-content\/uploads\/2019\/08\/cropped-Chiroc\u00e9an-ombre.jpg","contentUrl":"https:\/\/www.chirocean.fr\/wp-content\/uploads\/2019\/08\/cropped-Chiroc\u00e9an-ombre.jpg","width":4577,"height":1271,"caption":"Cabinet Chiropratique Pierre Buraglia"},"image":{"@id":"https:\/\/www.chirocean.fr\/#\/schema\/logo\/image\/"}}]}},"_links":{"self":[{"href":"https:\/\/www.chirocean.fr\/eu\/wp-json\/wp\/v2\/pages\/429","targetHints":{"allow":["GET"]}}],"collection":[{"href":"https:\/\/www.chirocean.fr\/eu\/wp-json\/wp\/v2\/pages"}],"about":[{"href":"https:\/\/www.chirocean.fr\/eu\/wp-json\/wp\/v2\/types\/page"}],"author":[{"embeddable":true,"href":"https:\/\/www.chirocean.fr\/eu\/wp-json\/wp\/v2\/users\/1"}],"replies":[{"embeddable":true,"href":"https:\/\/www.chirocean.fr\/eu\/wp-json\/wp\/v2\/comments?post=429"}],"version-history":[{"count":3,"href":"https:\/\/www.chirocean.fr\/eu\/wp-json\/wp\/v2\/pages\/429\/revisions"}],"predecessor-version":[{"id":674,"href":"https:\/\/www.chirocean.fr\/eu\/wp-json\/wp\/v2\/pages\/429\/revisions\/674"}],"wp:attachment":[{"href":"https:\/\/www.chirocean.fr\/eu\/wp-json\/wp\/v2\/media?parent=429"}],"curies":[{"name":"wp","href":"https:\/\/api.w.org\/{rel}","templated":true}]}}