{"id":20,"date":"2019-06-05T11:39:26","date_gmt":"2019-06-05T11:39:26","guid":{"rendered":"https:\/\/www.chirocean.fr\/?page_id=20"},"modified":"2020-01-05T23:25:32","modified_gmt":"2020-01-05T23:25:32","slug":"chiropraxie-definition","status":"publish","type":"page","link":"https:\/\/www.chirocean.fr\/eu\/chiropraxie-definition\/","title":{"rendered":"La chiropraxie : d\u00e9finition"},"content":{"rendered":"\n<p>La Chiropraxie est une m\u00e9decine manuelle sp\u00e9cialis\u00e9e dans la pr\u00e9vention, diagnostic chiropratique et traitement des pathologies de la colonne vert\u00e9brale et de l&#8217;appareil locomoteur tel que les douleurs de dos, douleurs cervicales, musculaires, articulaires, d\u2019\u00e9paule, sciatique, canal carpien, arthrose, certains type de maux de t\u00eate, entorses\u2026   <\/p>\n\n\n\n<p>C&#8217;est une profession reconnue en France et agr\u00e9e par le Minist\u00e8re de la Sant\u00e9, partenaire de l&#8217;Organisation Mondiale de la Sant\u00e9 (OMS). <\/p>\n\n\n\n<p>La chiropraxie est prise en charge par environ 85% des mutuelles.<\/p>\n\n\n\n<p>La Chiropraxie part du principe que le corps est contr\u00f4l\u00e9 par le syst\u00e8me nerveux et dispose de toutes les capacit\u00e9s pour s\u2019autor\u00e9guler.                         Cependant, il existe trois facteurs majeurs qui diminuent ses capacit\u00e9s&nbsp;: <\/p>\n\n\n\n<ul class=\"wp-block-list\"><li>stress physiques (posture, gestes r\u00e9p\u00e9titifs, traumatismes\u2026)<\/li><li>stress chimiques (alimentation, hydratation\u2026)<\/li><li>stress \u00e9motionnels <\/li><\/ul>\n\n\n\n<p>Il convient donc de les rechercher, de travailler dessus et de sensibiliser les patients \u00e0 leurs impacts et de leur donner des conseils afin de garder une sant\u00e9 optimale.<\/p>\n\n\n\n<p>C\u2019est une r\u00e9ponse non m\u00e9dicamenteuse globale qui ne consiste pas \u00e0 soulager uniquement les sympt\u00f4mes mais comprendre et traiter la cause. C\u2019est \u00e0 la fois un Art de par sa technicit\u00e9, elle pr\u00e9sente sa propre Philosophie et repose sur la Science car les soins sont bas\u00e9s sur la recherche et des connaissances pouss\u00e9es en anatomie, radiologie, s\u00e9miologie\u2026                       Les \u00e9tudes s\u2019effectuent en 5 ann\u00e9es \u00e0 temps complet et sont dispens\u00e9es dans une seule \u00e9cole en France, <em>l&#8217;Institut Franco-Europ\u00e9en de Chiropraxie<\/em>, accr\u00e9dit\u00e9e au niveau Europ\u00e9en et agr\u00e9\u00e9e par le minist\u00e8re de la sant\u00e9.<\/p>\n\n\n\n<p>La chiropraxie s&#8217;adresse \u00e0 tous, de l\u2019enfant au senior en passant par la femme enceinte et le sportif. C\u2019est une m\u00e9decine reconnue et r\u00e9glement\u00e9e en France dont l\u2019efficacit\u00e9 a \u00e9t\u00e9 d\u00e9montr\u00e9e par de nombreuses \u00e9tudes.    <\/p>\n\n\n\n<p>Le chiropracteur est un th\u00e9rapeute de premi\u00e8re intention, c\u2019est-\u00e0-dire qu\u2019on le consulte directement sans ordonnance.<\/p>\n","protected":false},"excerpt":{"rendered":"<p>La Chiropraxie est une m\u00e9decine manuelle sp\u00e9cialis\u00e9e dans la pr\u00e9vention, diagnostic chiropratique et traitement des pathologies de la colonne vert\u00e9brale et de l&#8217;appareil locomoteur tel que les douleurs de dos, douleurs cervicales, musculaires, articulaires, d\u2019\u00e9paule, sciatique, canal carpien, arthrose, certains type de maux de t\u00eate, entorses\u2026 C&#8217;est une profession reconnue en France et agr\u00e9e par&hellip; <a href=\"https:\/\/www.chirocean.fr\/eu\/chiropraxie-definition\/\" class=\"more-link\">Continue reading <span class=\"screen-reader-text\">La chiropraxie : d\u00e9finition<\/span><\/a><\/p>\n","protected":false},"author":1,"featured_media":0,"parent":0,"menu_order":0,"comment_status":"closed","ping_status":"closed","template":"","meta":{"footnotes":""},"class_list":["post-20","page","type-page","status-publish","hentry","without-featured-image"],"translation":{"provider":"WPGlobus","version":"3.0.2","language":"eu","enabled_languages":["fr","en","es","eu"],"languages":{"fr":{"title":true,"content":true,"excerpt":false},"en":{"title":false,"content":false,"excerpt":false},"es":{"title":false,"content":false,"excerpt":false},"eu":{"title":false,"content":false,"excerpt":false}}},"yoast_head":"<!-- This site is optimized with the Yoast SEO plugin v27.5 - https:\/\/yoast.com\/product\/yoast-seo-wordpress\/ -->\n<title>Qu&#039;est ce que la chiropraxie ? D\u00e9finition - Chirocean<\/title>\n<meta name=\"robots\" content=\"index, follow, max-snippet:-1, max-image-preview:large, max-video-preview:-1\" \/>\n<link rel=\"canonical\" href=\"https:\/\/www.chirocean.fr\/chiropraxie-definition\/\" \/>\n<meta property=\"og:locale\" content=\"en_US\" \/>\n<meta property=\"og:type\" content=\"article\" \/>\n<meta property=\"og:title\" content=\"La chiropraxie : d\u00e9finition - Cabinet Chiropratique Pierre Buraglia\" \/>\n<meta property=\"og:url\" content=\"https:\/\/www.chirocean.fr\/chiropraxie-definition\/\" \/>\n<meta property=\"og:site_name\" content=\"Cabinet Chiropratique Pierre Buraglia\" \/>\n<meta property=\"article:modified_time\" content=\"2020-01-05T23:25:32+00:00\" \/>\n<meta name=\"twitter:card\" content=\"summary_large_image\" \/>\n<meta name=\"twitter:label1\" content=\"Est. reading time\" \/>\n\t<meta name=\"twitter:data1\" content=\"2 minutes\" \/>\n<script type=\"application\/ld+json\" class=\"yoast-schema-graph\">{\"@context\":\"https:\\\/\\\/schema.org\",\"@graph\":[{\"@type\":\"WebPage\",\"@id\":\"https:\\\/\\\/www.chirocean.fr\\\/chiropraxie-definition\\\/\",\"url\":\"https:\\\/\\\/www.chirocean.fr\\\/chiropraxie-definition\\\/\",\"name\":\"Qu'est ce que la chiropraxie ? D\u00e9finition - Chirocean\",\"isPartOf\":{\"@id\":\"https:\\\/\\\/www.chirocean.fr\\\/#website\"},\"datePublished\":\"2019-06-05T11:39:26+00:00\",\"dateModified\":\"2020-01-05T23:25:32+00:00\",\"description\":\"La chiropraxie est une m\u00e9decine manuelle sp\u00e9cialis\u00e9e dans la pr\u00e9vention, diagnostic chiropratique et traitement des pathologies de la colonne vert\u00e9brale et de l'appareil locomoteur.\",\"breadcrumb\":{\"@id\":\"https:\\\/\\\/www.chirocean.fr\\\/chiropraxie-definition\\\/#breadcrumb\"},\"inLanguage\":\"eus\",\"potentialAction\":[{\"@type\":\"ReadAction\",\"target\":[\"https:\\\/\\\/www.chirocean.fr\\\/chiropraxie-definition\\\/\"]}]},{\"@type\":\"BreadcrumbList\",\"@id\":\"https:\\\/\\\/www.chirocean.fr\\\/chiropraxie-definition\\\/#breadcrumb\",\"itemListElement\":[{\"@type\":\"ListItem\",\"position\":1,\"name\":\"Accueil\",\"item\":\"https:\\\/\\\/www.chirocean.fr\\\/\"},{\"@type\":\"ListItem\",\"position\":2,\"name\":\"La chiropraxie : d\u00e9finition\"}]},{\"@type\":\"WebSite\",\"@id\":\"https:\\\/\\\/www.chirocean.fr\\\/#website\",\"url\":\"https:\\\/\\\/www.chirocean.fr\\\/\",\"name\":\"Cabinet Chiropratique Pierre Buraglia\",\"description\":\"&quot;Laissez votre corps exprimer son plein potentiel&quot;\",\"publisher\":{\"@id\":\"https:\\\/\\\/www.chirocean.fr\\\/#organization\"},\"potentialAction\":[{\"@type\":\"SearchAction\",\"target\":{\"@type\":\"EntryPoint\",\"urlTemplate\":\"https:\\\/\\\/www.chirocean.fr\\\/?s={search_term_string}\"},\"query-input\":{\"@type\":\"PropertyValueSpecification\",\"valueRequired\":true,\"valueName\":\"search_term_string\"}}],\"inLanguage\":\"eus\"},{\"@type\":\"Organization\",\"@id\":\"https:\\\/\\\/www.chirocean.fr\\\/#organization\",\"name\":\"Cabinet Chiropratique Pierre Buraglia\",\"url\":\"https:\\\/\\\/www.chirocean.fr\\\/\",\"logo\":{\"@type\":\"ImageObject\",\"inLanguage\":\"eus\",\"@id\":\"https:\\\/\\\/www.chirocean.fr\\\/#\\\/schema\\\/logo\\\/image\\\/\",\"url\":\"https:\\\/\\\/www.chirocean.fr\\\/wp-content\\\/uploads\\\/2019\\\/08\\\/cropped-Chiroc\u00e9an-ombre.jpg\",\"contentUrl\":\"https:\\\/\\\/www.chirocean.fr\\\/wp-content\\\/uploads\\\/2019\\\/08\\\/cropped-Chiroc\u00e9an-ombre.jpg\",\"width\":4577,\"height\":1271,\"caption\":\"Cabinet Chiropratique Pierre Buraglia\"},\"image\":{\"@id\":\"https:\\\/\\\/www.chirocean.fr\\\/#\\\/schema\\\/logo\\\/image\\\/\"}}]}<\/script>\n<!-- \/ Yoast SEO plugin. -->","yoast_head_json":{"title":"Qu'est ce que la chiropraxie ? D\u00e9finition - Chirocean","robots":{"index":"index","follow":"follow","max-snippet":"max-snippet:-1","max-image-preview":"max-image-preview:large","max-video-preview":"max-video-preview:-1"},"canonical":"https:\/\/www.chirocean.fr\/chiropraxie-definition\/","og_locale":"en_US","og_type":"article","og_title":"La chiropraxie : d\u00e9finition - Cabinet Chiropratique Pierre Buraglia","og_url":"https:\/\/www.chirocean.fr\/chiropraxie-definition\/","og_site_name":"Cabinet Chiropratique Pierre Buraglia","article_modified_time":"2020-01-05T23:25:32+00:00","twitter_card":"summary_large_image","twitter_misc":{"Est. reading time":"2 minutes"},"schema":{"@context":"https:\/\/schema.org","@graph":[{"@type":"WebPage","@id":"https:\/\/www.chirocean.fr\/chiropraxie-definition\/","url":"https:\/\/www.chirocean.fr\/chiropraxie-definition\/","name":"Qu'est ce que la chiropraxie ? D\u00e9finition - Chirocean","isPartOf":{"@id":"https:\/\/www.chirocean.fr\/#website"},"datePublished":"2019-06-05T11:39:26+00:00","dateModified":"2020-01-05T23:25:32+00:00","description":"La chiropraxie est une m\u00e9decine manuelle sp\u00e9cialis\u00e9e dans la pr\u00e9vention, diagnostic chiropratique et traitement des pathologies de la colonne vert\u00e9brale et de l'appareil locomoteur.","breadcrumb":{"@id":"https:\/\/www.chirocean.fr\/chiropraxie-definition\/#breadcrumb"},"inLanguage":"eus","potentialAction":[{"@type":"ReadAction","target":["https:\/\/www.chirocean.fr\/chiropraxie-definition\/"]}]},{"@type":"BreadcrumbList","@id":"https:\/\/www.chirocean.fr\/chiropraxie-definition\/#breadcrumb","itemListElement":[{"@type":"ListItem","position":1,"name":"Accueil","item":"https:\/\/www.chirocean.fr\/"},{"@type":"ListItem","position":2,"name":"La chiropraxie : d\u00e9finition"}]},{"@type":"WebSite","@id":"https:\/\/www.chirocean.fr\/#website","url":"https:\/\/www.chirocean.fr\/","name":"Cabinet Chiropratique Pierre Buraglia","description":"&quot;Laissez votre corps exprimer son plein potentiel&quot;","publisher":{"@id":"https:\/\/www.chirocean.fr\/#organization"},"potentialAction":[{"@type":"SearchAction","target":{"@type":"EntryPoint","urlTemplate":"https:\/\/www.chirocean.fr\/?s={search_term_string}"},"query-input":{"@type":"PropertyValueSpecification","valueRequired":true,"valueName":"search_term_string"}}],"inLanguage":"eus"},{"@type":"Organization","@id":"https:\/\/www.chirocean.fr\/#organization","name":"Cabinet Chiropratique Pierre Buraglia","url":"https:\/\/www.chirocean.fr\/","logo":{"@type":"ImageObject","inLanguage":"eus","@id":"https:\/\/www.chirocean.fr\/#\/schema\/logo\/image\/","url":"https:\/\/www.chirocean.fr\/wp-content\/uploads\/2019\/08\/cropped-Chiroc\u00e9an-ombre.jpg","contentUrl":"https:\/\/www.chirocean.fr\/wp-content\/uploads\/2019\/08\/cropped-Chiroc\u00e9an-ombre.jpg","width":4577,"height":1271,"caption":"Cabinet Chiropratique Pierre Buraglia"},"image":{"@id":"https:\/\/www.chirocean.fr\/#\/schema\/logo\/image\/"}}]}},"_links":{"self":[{"href":"https:\/\/www.chirocean.fr\/eu\/wp-json\/wp\/v2\/pages\/20","targetHints":{"allow":["GET"]}}],"collection":[{"href":"https:\/\/www.chirocean.fr\/eu\/wp-json\/wp\/v2\/pages"}],"about":[{"href":"https:\/\/www.chirocean.fr\/eu\/wp-json\/wp\/v2\/types\/page"}],"author":[{"embeddable":true,"href":"https:\/\/www.chirocean.fr\/eu\/wp-json\/wp\/v2\/users\/1"}],"replies":[{"embeddable":true,"href":"https:\/\/www.chirocean.fr\/eu\/wp-json\/wp\/v2\/comments?post=20"}],"version-history":[{"count":6,"href":"https:\/\/www.chirocean.fr\/eu\/wp-json\/wp\/v2\/pages\/20\/revisions"}],"predecessor-version":[{"id":453,"href":"https:\/\/www.chirocean.fr\/eu\/wp-json\/wp\/v2\/pages\/20\/revisions\/453"}],"wp:attachment":[{"href":"https:\/\/www.chirocean.fr\/eu\/wp-json\/wp\/v2\/media?parent=20"}],"curies":[{"name":"wp","href":"https:\/\/api.w.org\/{rel}","templated":true}]}}