{"id":139,"date":"2019-07-27T17:20:30","date_gmt":"2019-07-27T17:20:30","guid":{"rendered":"https:\/\/www.chirocean.fr\/?page_id=139"},"modified":"2020-10-26T22:41:58","modified_gmt":"2020-10-26T22:41:58","slug":"cabinet-chiropraxie-bayonne","status":"publish","type":"page","link":"https:\/\/www.chirocean.fr\/eu\/cabinet-chiropraxie-bayonne\/","title":{"rendered":"Cabinet de chiropraxie \u00e0 Bayonne"},"content":{"rendered":"\n<p class=\"has-text-color has-large-font-size has-vivid-red-color\"><strong>Ferm\u00e9 pour la p\u00e9riode COVID, prendre RDV \u00e0 Bidart<\/strong><\/p>\n\n\n\n<figure class=\"wp-block-image\"><img loading=\"lazy\" decoding=\"async\" width=\"4160\" height=\"3120\" src=\"https:\/\/i1.wp.com\/www.chirocean.fr\/wp-content\/uploads\/2019\/07\/IMG_20190715_124419.jpg?fit=825%2C619&amp;ssl=1\" alt=\"\" class=\"wp-image-152\" srcset=\"https:\/\/www.chirocean.fr\/wp-content\/uploads\/2019\/07\/IMG_20190715_124419.jpg 4160w, https:\/\/www.chirocean.fr\/wp-content\/uploads\/2019\/07\/IMG_20190715_124419-300x225.jpg 300w, https:\/\/www.chirocean.fr\/wp-content\/uploads\/2019\/07\/IMG_20190715_124419-768x576.jpg 768w, https:\/\/www.chirocean.fr\/wp-content\/uploads\/2019\/07\/IMG_20190715_124419-1024x768.jpg 1024w\" sizes=\"auto, (max-width: 4160px) 100vw, 4160px\" \/><figcaption>Adresse: 3 rue Aristide Briand, 64100 Bayonne<\/figcaption><\/figure>\n\n\n\n<p>Le cabinet de chiropraxie se trouve \u00e0 Bayonne dans le quartier Saint Esprit, un quartier agr\u00e9able pr\u00e8s de la gare et \u00e0 10 minutes \u00e0 pied de la mairie<\/p>\n\n\n\n<p>Situ\u00e9 dans un centre param\u00e9dical, cela permet \u00e9galement d&#8217;orienter facilement vers une pluridisciplinarit\u00e9 notamment au niveau des sph\u00e8res chimiques (Naturopathe) et \u00e9motionnelles (Hypnoth\u00e9rapeute, Sophrologue, Psychologue&#8230;) ainsi que de proposer des conf\u00e9rences diverses autour du corps et de la sant\u00e9<\/p>\n\n\n\n<figure class=\"wp-block-image\"><img loading=\"lazy\" decoding=\"async\" width=\"941\" height=\"663\" src=\"https:\/\/www.chirocean.fr\/wp-content\/uploads\/2019\/07\/planbayonne.jpg\" alt=\"\" class=\"wp-image-155\" srcset=\"https:\/\/www.chirocean.fr\/wp-content\/uploads\/2019\/07\/planbayonne.jpg 941w, https:\/\/www.chirocean.fr\/wp-content\/uploads\/2019\/07\/planbayonne-300x211.jpg 300w, https:\/\/www.chirocean.fr\/wp-content\/uploads\/2019\/07\/planbayonne-768x541.jpg 768w\" sizes=\"auto, (max-width: 941px) 100vw, 941px\" \/><\/figure>\n\n\n\n<p><span style=\"text-decoration: underline;\">Adresse du cabinet de chiropraxie <\/span>: 3 rue Aristide Briand, 64100 Bayonne <\/p>\n\n\n\n<p><span style=\"text-decoration: underline;\">Accessibilit\u00e9<\/span> :<\/p>\n\n\n\n<ul class=\"wp-block-list\"><li>Bus :                                                                                                                 Arr\u00eat : Jules Ferry \u00e0 1 min                           <img decoding=\"async\" scale=\"0\" class=\"wp-image-158\" style=\"width: 150px;\" src=\"https:\/\/www.chirocean.fr\/wp-content\/uploads\/2019\/07\/jferry.jpg\" alt=\"\">                                    Arr\u00eat : Mairie et Echaugette  \u00e0 10min       <img loading=\"lazy\" decoding=\"async\" width=\"150\" height=\"43\" scale=\"0\" class=\"wp-image-157\" style=\"width: 150px;\" src=\"https:\/\/www.chirocean.fr\/wp-content\/uploads\/2019\/07\/busmairie.jpg\" alt=\"\" srcset=\"https:\/\/www.chirocean.fr\/wp-content\/uploads\/2019\/07\/busmairie.jpg 414w, https:\/\/www.chirocean.fr\/wp-content\/uploads\/2019\/07\/busmairie-300x87.jpg 300w\" sizes=\"auto, (max-width: 150px) 100vw, 150px\" \/>                                                 <\/li><\/ul>\n\n\n\n<ul class=\"wp-block-list\"><li>Voiture : Parking Belfort (cf carte) gratuit 1H<\/li><\/ul>\n\n\n\n<p><span style=\"text-decoration: underline;\">Horaires<\/span> : <\/p>\n\n\n\n<p class=\"has-text-color has-medium-font-size has-vivid-red-color\"><strong>Ferm\u00e9 pour la p\u00e9riode COVID, seul le cabinet \u00e0 Bidart est ouvert<\/strong><\/p>\n\n\n\n<ul class=\"wp-block-list\"><li>MARDI <s>9H &#8211; 20H<\/s><\/li><li>JEUDI  <s>9H &#8211; 13H<\/s><\/li><\/ul>\n\n\n\n<figure class=\"wp-block-image\"><img loading=\"lazy\" decoding=\"async\" width=\"4608\" height=\"3456\" src=\"https:\/\/i1.wp.com\/www.chirocean.fr\/wp-content\/uploads\/2019\/08\/IMG_20190826_114000.jpg?fit=825%2C619&amp;ssl=1\" alt=\"\" class=\"wp-image-216\" srcset=\"https:\/\/www.chirocean.fr\/wp-content\/uploads\/2019\/08\/IMG_20190826_114000.jpg 4608w, https:\/\/www.chirocean.fr\/wp-content\/uploads\/2019\/08\/IMG_20190826_114000-300x225.jpg 300w, https:\/\/www.chirocean.fr\/wp-content\/uploads\/2019\/08\/IMG_20190826_114000-768x576.jpg 768w, https:\/\/www.chirocean.fr\/wp-content\/uploads\/2019\/08\/IMG_20190826_114000-1024x768.jpg 1024w\" sizes=\"auto, (max-width: 4608px) 100vw, 4608px\" \/><figcaption>Cabinet de chiropraxie \u00e0 Bayonne<\/figcaption><\/figure>\n","protected":false},"excerpt":{"rendered":"<p>Ferm\u00e9 pour la p\u00e9riode COVID, prendre RDV \u00e0 Bidart Le cabinet de chiropraxie se trouve \u00e0 Bayonne dans le quartier Saint Esprit, un quartier agr\u00e9able pr\u00e8s de la gare et \u00e0 10 minutes \u00e0 pied de la mairie Situ\u00e9 dans un centre param\u00e9dical, cela permet \u00e9galement d&#8217;orienter facilement vers une pluridisciplinarit\u00e9 notamment au niveau des&hellip; <a href=\"https:\/\/www.chirocean.fr\/eu\/cabinet-chiropraxie-bayonne\/\" class=\"more-link\">Continue reading <span class=\"screen-reader-text\">Cabinet de chiropraxie \u00e0 Bayonne<\/span><\/a><\/p>\n","protected":false},"author":2,"featured_media":0,"parent":0,"menu_order":0,"comment_status":"closed","ping_status":"closed","template":"","meta":{"footnotes":""},"class_list":["post-139","page","type-page","status-publish","hentry","without-featured-image"],"translation":{"provider":"WPGlobus","version":"3.0.2","language":"eu","enabled_languages":["fr","en","es","eu"],"languages":{"fr":{"title":true,"content":true,"excerpt":false},"en":{"title":false,"content":false,"excerpt":false},"es":{"title":false,"content":false,"excerpt":false},"eu":{"title":false,"content":false,"excerpt":false}}},"yoast_head":"<!-- This site is optimized with the Yoast SEO plugin v27.5 - https:\/\/yoast.com\/product\/yoast-seo-wordpress\/ -->\n<title>Chiropracteur Bayonne - Chirocean<\/title>\n<meta name=\"robots\" content=\"index, follow, max-snippet:-1, max-image-preview:large, max-video-preview:-1\" \/>\n<link rel=\"canonical\" href=\"https:\/\/www.chirocean.fr\/cabinet-chiropraxie-bayonne\/\" \/>\n<meta property=\"og:locale\" content=\"en_US\" \/>\n<meta property=\"og:type\" content=\"article\" \/>\n<meta property=\"og:title\" content=\"Cabinet de chiropraxie \u00e0 Bayonne - Cabinet Chiropratique Pierre Buraglia\" \/>\n<meta property=\"og:url\" content=\"https:\/\/www.chirocean.fr\/cabinet-chiropraxie-bayonne\/\" \/>\n<meta property=\"og:site_name\" content=\"Cabinet Chiropratique Pierre Buraglia\" \/>\n<meta property=\"article:modified_time\" content=\"2020-10-26T22:41:58+00:00\" \/>\n<meta property=\"og:image\" content=\"https:\/\/www.chirocean.fr\/wp-content\/uploads\/2019\/07\/IMG_20190715_124419-1024x768.jpg\" \/>\n\t<meta property=\"og:image:width\" content=\"1024\" \/>\n\t<meta property=\"og:image:height\" content=\"768\" \/>\n\t<meta property=\"og:image:type\" content=\"image\/jpeg\" \/>\n<meta name=\"twitter:card\" content=\"summary_large_image\" \/>\n<meta name=\"twitter:label1\" content=\"Est. reading time\" \/>\n\t<meta name=\"twitter:data1\" content=\"1 minute\" \/>\n<script type=\"application\/ld+json\" class=\"yoast-schema-graph\">{\"@context\":\"https:\\\/\\\/schema.org\",\"@graph\":[{\"@type\":\"WebPage\",\"@id\":\"https:\\\/\\\/www.chirocean.fr\\\/cabinet-chiropraxie-bayonne\\\/\",\"url\":\"https:\\\/\\\/www.chirocean.fr\\\/cabinet-chiropraxie-bayonne\\\/\",\"name\":\"Chiropracteur Bayonne - Chirocean\",\"isPartOf\":{\"@id\":\"https:\\\/\\\/www.chirocean.fr\\\/#website\"},\"primaryImageOfPage\":{\"@id\":\"https:\\\/\\\/www.chirocean.fr\\\/cabinet-chiropraxie-bayonne\\\/#primaryimage\"},\"image\":{\"@id\":\"https:\\\/\\\/www.chirocean.fr\\\/cabinet-chiropraxie-bayonne\\\/#primaryimage\"},\"thumbnailUrl\":\"https:\\\/\\\/i1.wp.com\\\/www.chirocean.fr\\\/wp-content\\\/uploads\\\/2019\\\/07\\\/IMG_20190715_124419.jpg?fit=825%2C619&amp;ssl=1\",\"datePublished\":\"2019-07-27T17:20:30+00:00\",\"dateModified\":\"2020-10-26T22:41:58+00:00\",\"description\":\"Le cabinet de chiropraxie est situ\u00e9 \u00e0 Bayonne dans le quartier Saint Esprit, un quartier agr\u00e9able pr\u00e8s de la gare et \u00e0 10 minutes \u00e0 pied de la mairie.\",\"breadcrumb\":{\"@id\":\"https:\\\/\\\/www.chirocean.fr\\\/cabinet-chiropraxie-bayonne\\\/#breadcrumb\"},\"inLanguage\":\"eus\",\"potentialAction\":[{\"@type\":\"ReadAction\",\"target\":[\"https:\\\/\\\/www.chirocean.fr\\\/cabinet-chiropraxie-bayonne\\\/\"]}]},{\"@type\":\"ImageObject\",\"inLanguage\":\"eus\",\"@id\":\"https:\\\/\\\/www.chirocean.fr\\\/cabinet-chiropraxie-bayonne\\\/#primaryimage\",\"url\":\"https:\\\/\\\/i1.wp.com\\\/www.chirocean.fr\\\/wp-content\\\/uploads\\\/2019\\\/07\\\/IMG_20190715_124419.jpg?fit=825%2C619&amp;ssl=1\",\"contentUrl\":\"https:\\\/\\\/i1.wp.com\\\/www.chirocean.fr\\\/wp-content\\\/uploads\\\/2019\\\/07\\\/IMG_20190715_124419.jpg?fit=825%2C619&amp;ssl=1\"},{\"@type\":\"BreadcrumbList\",\"@id\":\"https:\\\/\\\/www.chirocean.fr\\\/cabinet-chiropraxie-bayonne\\\/#breadcrumb\",\"itemListElement\":[{\"@type\":\"ListItem\",\"position\":1,\"name\":\"Accueil\",\"item\":\"https:\\\/\\\/www.chirocean.fr\\\/\"},{\"@type\":\"ListItem\",\"position\":2,\"name\":\"Cabinet de chiropraxie \u00e0 Bayonne\"}]},{\"@type\":\"WebSite\",\"@id\":\"https:\\\/\\\/www.chirocean.fr\\\/#website\",\"url\":\"https:\\\/\\\/www.chirocean.fr\\\/\",\"name\":\"Cabinet Chiropratique Pierre Buraglia\",\"description\":\"&quot;Laissez votre corps exprimer son plein potentiel&quot;\",\"publisher\":{\"@id\":\"https:\\\/\\\/www.chirocean.fr\\\/#organization\"},\"potentialAction\":[{\"@type\":\"SearchAction\",\"target\":{\"@type\":\"EntryPoint\",\"urlTemplate\":\"https:\\\/\\\/www.chirocean.fr\\\/?s={search_term_string}\"},\"query-input\":{\"@type\":\"PropertyValueSpecification\",\"valueRequired\":true,\"valueName\":\"search_term_string\"}}],\"inLanguage\":\"eus\"},{\"@type\":\"Organization\",\"@id\":\"https:\\\/\\\/www.chirocean.fr\\\/#organization\",\"name\":\"Cabinet Chiropratique Pierre Buraglia\",\"url\":\"https:\\\/\\\/www.chirocean.fr\\\/\",\"logo\":{\"@type\":\"ImageObject\",\"inLanguage\":\"eus\",\"@id\":\"https:\\\/\\\/www.chirocean.fr\\\/#\\\/schema\\\/logo\\\/image\\\/\",\"url\":\"https:\\\/\\\/www.chirocean.fr\\\/wp-content\\\/uploads\\\/2019\\\/08\\\/cropped-Chiroc\u00e9an-ombre.jpg\",\"contentUrl\":\"https:\\\/\\\/www.chirocean.fr\\\/wp-content\\\/uploads\\\/2019\\\/08\\\/cropped-Chiroc\u00e9an-ombre.jpg\",\"width\":4577,\"height\":1271,\"caption\":\"Cabinet Chiropratique Pierre Buraglia\"},\"image\":{\"@id\":\"https:\\\/\\\/www.chirocean.fr\\\/#\\\/schema\\\/logo\\\/image\\\/\"}}]}<\/script>\n<!-- \/ Yoast SEO plugin. -->","yoast_head_json":{"title":"Chiropracteur Bayonne - Chirocean","robots":{"index":"index","follow":"follow","max-snippet":"max-snippet:-1","max-image-preview":"max-image-preview:large","max-video-preview":"max-video-preview:-1"},"canonical":"https:\/\/www.chirocean.fr\/cabinet-chiropraxie-bayonne\/","og_locale":"en_US","og_type":"article","og_title":"Cabinet de chiropraxie \u00e0 Bayonne - Cabinet Chiropratique Pierre Buraglia","og_url":"https:\/\/www.chirocean.fr\/cabinet-chiropraxie-bayonne\/","og_site_name":"Cabinet Chiropratique Pierre Buraglia","article_modified_time":"2020-10-26T22:41:58+00:00","og_image":[{"width":1024,"height":768,"url":"https:\/\/www.chirocean.fr\/wp-content\/uploads\/2019\/07\/IMG_20190715_124419-1024x768.jpg","type":"image\/jpeg"}],"twitter_card":"summary_large_image","twitter_misc":{"Est. reading time":"1 minute"},"schema":{"@context":"https:\/\/schema.org","@graph":[{"@type":"WebPage","@id":"https:\/\/www.chirocean.fr\/cabinet-chiropraxie-bayonne\/","url":"https:\/\/www.chirocean.fr\/cabinet-chiropraxie-bayonne\/","name":"Chiropracteur Bayonne - Chirocean","isPartOf":{"@id":"https:\/\/www.chirocean.fr\/#website"},"primaryImageOfPage":{"@id":"https:\/\/www.chirocean.fr\/cabinet-chiropraxie-bayonne\/#primaryimage"},"image":{"@id":"https:\/\/www.chirocean.fr\/cabinet-chiropraxie-bayonne\/#primaryimage"},"thumbnailUrl":"https:\/\/i1.wp.com\/www.chirocean.fr\/wp-content\/uploads\/2019\/07\/IMG_20190715_124419.jpg?fit=825%2C619&amp;ssl=1","datePublished":"2019-07-27T17:20:30+00:00","dateModified":"2020-10-26T22:41:58+00:00","description":"Le cabinet de chiropraxie est situ\u00e9 \u00e0 Bayonne dans le quartier Saint Esprit, un quartier agr\u00e9able pr\u00e8s de la gare et \u00e0 10 minutes \u00e0 pied de la mairie.","breadcrumb":{"@id":"https:\/\/www.chirocean.fr\/cabinet-chiropraxie-bayonne\/#breadcrumb"},"inLanguage":"eus","potentialAction":[{"@type":"ReadAction","target":["https:\/\/www.chirocean.fr\/cabinet-chiropraxie-bayonne\/"]}]},{"@type":"ImageObject","inLanguage":"eus","@id":"https:\/\/www.chirocean.fr\/cabinet-chiropraxie-bayonne\/#primaryimage","url":"https:\/\/i1.wp.com\/www.chirocean.fr\/wp-content\/uploads\/2019\/07\/IMG_20190715_124419.jpg?fit=825%2C619&amp;ssl=1","contentUrl":"https:\/\/i1.wp.com\/www.chirocean.fr\/wp-content\/uploads\/2019\/07\/IMG_20190715_124419.jpg?fit=825%2C619&amp;ssl=1"},{"@type":"BreadcrumbList","@id":"https:\/\/www.chirocean.fr\/cabinet-chiropraxie-bayonne\/#breadcrumb","itemListElement":[{"@type":"ListItem","position":1,"name":"Accueil","item":"https:\/\/www.chirocean.fr\/"},{"@type":"ListItem","position":2,"name":"Cabinet de chiropraxie \u00e0 Bayonne"}]},{"@type":"WebSite","@id":"https:\/\/www.chirocean.fr\/#website","url":"https:\/\/www.chirocean.fr\/","name":"Cabinet Chiropratique Pierre Buraglia","description":"&quot;Laissez votre corps exprimer son plein potentiel&quot;","publisher":{"@id":"https:\/\/www.chirocean.fr\/#organization"},"potentialAction":[{"@type":"SearchAction","target":{"@type":"EntryPoint","urlTemplate":"https:\/\/www.chirocean.fr\/?s={search_term_string}"},"query-input":{"@type":"PropertyValueSpecification","valueRequired":true,"valueName":"search_term_string"}}],"inLanguage":"eus"},{"@type":"Organization","@id":"https:\/\/www.chirocean.fr\/#organization","name":"Cabinet Chiropratique Pierre Buraglia","url":"https:\/\/www.chirocean.fr\/","logo":{"@type":"ImageObject","inLanguage":"eus","@id":"https:\/\/www.chirocean.fr\/#\/schema\/logo\/image\/","url":"https:\/\/www.chirocean.fr\/wp-content\/uploads\/2019\/08\/cropped-Chiroc\u00e9an-ombre.jpg","contentUrl":"https:\/\/www.chirocean.fr\/wp-content\/uploads\/2019\/08\/cropped-Chiroc\u00e9an-ombre.jpg","width":4577,"height":1271,"caption":"Cabinet Chiropratique Pierre Buraglia"},"image":{"@id":"https:\/\/www.chirocean.fr\/#\/schema\/logo\/image\/"}}]}},"_links":{"self":[{"href":"https:\/\/www.chirocean.fr\/eu\/wp-json\/wp\/v2\/pages\/139","targetHints":{"allow":["GET"]}}],"collection":[{"href":"https:\/\/www.chirocean.fr\/eu\/wp-json\/wp\/v2\/pages"}],"about":[{"href":"https:\/\/www.chirocean.fr\/eu\/wp-json\/wp\/v2\/types\/page"}],"author":[{"embeddable":true,"href":"https:\/\/www.chirocean.fr\/eu\/wp-json\/wp\/v2\/users\/2"}],"replies":[{"embeddable":true,"href":"https:\/\/www.chirocean.fr\/eu\/wp-json\/wp\/v2\/comments?post=139"}],"version-history":[{"count":9,"href":"https:\/\/www.chirocean.fr\/eu\/wp-json\/wp\/v2\/pages\/139\/revisions"}],"predecessor-version":[{"id":796,"href":"https:\/\/www.chirocean.fr\/eu\/wp-json\/wp\/v2\/pages\/139\/revisions\/796"}],"wp:attachment":[{"href":"https:\/\/www.chirocean.fr\/eu\/wp-json\/wp\/v2\/media?parent=139"}],"curies":[{"name":"wp","href":"https:\/\/api.w.org\/{rel}","templated":true}]}}