{"id":2,"date":"2019-06-05T10:22:06","date_gmt":"2019-06-05T10:22:06","guid":{"rendered":"https:\/\/www.chirocean.fr\/?page_id=2"},"modified":"2026-01-16T23:22:17","modified_gmt":"2026-01-16T23:22:17","slug":"sample-page","status":"publish","type":"page","link":"https:\/\/www.chirocean.fr\/es\/","title":{"rendered":"Pierre Buraglia Quiropractico en Biarritz &#8211; Bidarte &#8211; Baiona"},"content":{"rendered":"\n<figure class=\"wp-block-embed is-type-video is-provider-youtube wp-block-embed-youtube wp-embed-aspect-16-9 wp-has-aspect-ratio\"><div class=\"wp-block-embed__wrapper\">\n<iframe loading=\"lazy\" title=\"La chiropraxie, c&#039;est quoi ?\" width=\"825\" height=\"464\" src=\"https:\/\/www.youtube.com\/embed\/K8N6JPTzpBs?feature=oembed\" frameborder=\"0\" allow=\"accelerometer; autoplay; clipboard-write; encrypted-media; gyroscope; picture-in-picture; web-share\" referrerpolicy=\"strict-origin-when-cross-origin\" allowfullscreen><\/iframe>\n<\/div><\/figure>\n\n\n\n<p>-PRISE DE RDV EN LIGNE-<\/p>\n\n\n\n<p>Cliquez sur le liens DOCTOLIB en dessous ou sur le bouton bleu en bas \u00e0 droite de l&#8217;\u00e9cran<\/p>\n\n\n<a class=\"wp-block-read-more\" href=\"https:\/\/www.chirocean.fr\/es\/\" target=\"_self\">Read more<span class=\"screen-reader-text\">: Pierre Buraglia Quiropractico en Biarritz &#8211; Bidarte &#8211; Baiona<\/span><\/a>\n\n\n<p><a href=\"https:\/\/www.doctolib.fr\/chiropracteur\/bidart\/pierre-buraglia\">https:\/\/www.doctolib.fr\/chiropracteur\/bidart\/pierre-buraglia<\/a><\/p>\n","protected":false},"excerpt":{"rendered":"<p>-PRISE DE RDV EN LIGNE- Cliquez sur le liens DOCTOLIB en dessous ou sur le bouton bleu en bas \u00e0 droite de l&#8217;\u00e9cran https:\/\/www.doctolib.fr\/chiropracteur\/bidart\/pierre-buraglia<\/p>\n","protected":false},"author":1,"featured_media":199,"parent":0,"menu_order":0,"comment_status":"closed","ping_status":"open","template":"","meta":{"footnotes":""},"class_list":["post-2","page","type-page","status-publish","has-post-thumbnail","hentry","with-featured-image"],"translation":{"provider":"WPGlobus","version":"3.0.2","language":"es","enabled_languages":["fr","en","es","eu"],"languages":{"fr":{"title":true,"content":true,"excerpt":false},"en":{"title":true,"content":true,"excerpt":false},"es":{"title":true,"content":false,"excerpt":false},"eu":{"title":true,"content":true,"excerpt":false}}},"yoast_head":"<!-- This site is optimized with the Yoast SEO plugin v27.5 - https:\/\/yoast.com\/product\/yoast-seo-wordpress\/ -->\n<title>Chiropracteur Biarritz - Chirocean<\/title>\n<meta name=\"robots\" content=\"index, follow, max-snippet:-1, max-image-preview:large, max-video-preview:-1\" \/>\n<link rel=\"canonical\" href=\"https:\/\/www.chirocean.fr\/\" \/>\n<meta property=\"og:locale\" content=\"es_ES\" \/>\n<meta property=\"og:type\" content=\"article\" \/>\n<meta property=\"og:title\" content=\"Pierre Buraglia Quiropractico en Biarritz - Bidarte - Baiona  - Consulta Quiropractica Pierre Buraglia\" \/>\n<meta property=\"og:url\" content=\"https:\/\/www.chirocean.fr\/\" \/>\n<meta property=\"og:site_name\" content=\"Consulta Quiropractica Pierre Buraglia\" \/>\n<meta property=\"article:modified_time\" content=\"2026-01-16T23:22:17+00:00\" \/>\n<meta property=\"og:image\" content=\"https:\/\/www.chirocean.fr\/wp-content\/uploads\/2019\/08\/couverture.jpg\" \/>\n\t<meta property=\"og:image:width\" content=\"3482\" \/>\n\t<meta property=\"og:image:height\" content=\"2301\" \/>\n\t<meta property=\"og:image:type\" content=\"image\/jpeg\" \/>\n<meta name=\"twitter:card\" content=\"summary_large_image\" \/>\n<meta name=\"twitter:label1\" content=\"Est. reading time\" \/>\n\t<meta name=\"twitter:data1\" content=\"1 minute\" \/>\n<script type=\"application\/ld+json\" class=\"yoast-schema-graph\">{\"@context\":\"https:\\\/\\\/schema.org\",\"@graph\":[{\"@type\":\"WebPage\",\"@id\":\"https:\\\/\\\/www.chirocean.fr\\\/\",\"url\":\"https:\\\/\\\/www.chirocean.fr\\\/\",\"name\":\"Chiropracteur Biarritz - Chirocean\",\"isPartOf\":{\"@id\":\"https:\\\/\\\/www.chirocean.fr\\\/#website\"},\"primaryImageOfPage\":{\"@id\":\"https:\\\/\\\/www.chirocean.fr\\\/#primaryimage\"},\"image\":{\"@id\":\"https:\\\/\\\/www.chirocean.fr\\\/#primaryimage\"},\"thumbnailUrl\":\"https:\\\/\\\/www.chirocean.fr\\\/wp-content\\\/uploads\\\/2019\\\/08\\\/couverture.jpg\",\"datePublished\":\"2019-06-05T10:22:06+00:00\",\"dateModified\":\"2026-01-16T23:22:17+00:00\",\"description\":\"Pierre Buraglia, chiropracteur \u00e0 Biarritz, vous accueille dans son cabinet face \u00e0 l'Oc\u00e9an et \u00e0 la plage des Embruns. Prenez RDV directement en ligne.\",\"breadcrumb\":{\"@id\":\"https:\\\/\\\/www.chirocean.fr\\\/#breadcrumb\"},\"inLanguage\":\"es-ES\",\"potentialAction\":[{\"@type\":\"ReadAction\",\"target\":[\"https:\\\/\\\/www.chirocean.fr\\\/\"]}]},{\"@type\":\"ImageObject\",\"inLanguage\":\"es-ES\",\"@id\":\"https:\\\/\\\/www.chirocean.fr\\\/#primaryimage\",\"url\":\"https:\\\/\\\/www.chirocean.fr\\\/wp-content\\\/uploads\\\/2019\\\/08\\\/couverture.jpg\",\"contentUrl\":\"https:\\\/\\\/www.chirocean.fr\\\/wp-content\\\/uploads\\\/2019\\\/08\\\/couverture.jpg\",\"width\":3482,\"height\":2301},{\"@type\":\"BreadcrumbList\",\"@id\":\"https:\\\/\\\/www.chirocean.fr\\\/#breadcrumb\",\"itemListElement\":[{\"@type\":\"ListItem\",\"position\":1,\"name\":\"Accueil\",\"item\":\"https:\\\/\\\/www.chirocean.fr\\\/\"},{\"@type\":\"ListItem\",\"position\":2,\"name\":\"Pierre Buraglia &#8211; Chiropracteur \u00e0 Biarritz &#8211; Bidart &#8211; Bayonne\"}]},{\"@type\":\"WebSite\",\"@id\":\"https:\\\/\\\/www.chirocean.fr\\\/#website\",\"url\":\"https:\\\/\\\/www.chirocean.fr\\\/\",\"name\":\"Consulta Quiropractica Pierre Buraglia\",\"description\":\"&quot;Deja tu cuerpo expressar todo su potential&quot;\",\"publisher\":{\"@id\":\"https:\\\/\\\/www.chirocean.fr\\\/#organization\"},\"potentialAction\":[{\"@type\":\"SearchAction\",\"target\":{\"@type\":\"EntryPoint\",\"urlTemplate\":\"https:\\\/\\\/www.chirocean.fr\\\/?s={search_term_string}\"},\"query-input\":{\"@type\":\"PropertyValueSpecification\",\"valueRequired\":true,\"valueName\":\"search_term_string\"}}],\"inLanguage\":\"es-ES\"},{\"@type\":\"Organization\",\"@id\":\"https:\\\/\\\/www.chirocean.fr\\\/#organization\",\"name\":\"Consulta Quiropractica Pierre Buraglia\",\"url\":\"https:\\\/\\\/www.chirocean.fr\\\/\",\"logo\":{\"@type\":\"ImageObject\",\"inLanguage\":\"es-ES\",\"@id\":\"https:\\\/\\\/www.chirocean.fr\\\/#\\\/schema\\\/logo\\\/image\\\/\",\"url\":\"https:\\\/\\\/www.chirocean.fr\\\/wp-content\\\/uploads\\\/2019\\\/08\\\/cropped-Chiroc\u00e9an-ombre.jpg\",\"contentUrl\":\"https:\\\/\\\/www.chirocean.fr\\\/wp-content\\\/uploads\\\/2019\\\/08\\\/cropped-Chiroc\u00e9an-ombre.jpg\",\"width\":4577,\"height\":1271,\"caption\":\"Consulta Quiropractica Pierre Buraglia\"},\"image\":{\"@id\":\"https:\\\/\\\/www.chirocean.fr\\\/#\\\/schema\\\/logo\\\/image\\\/\"}}]}<\/script>\n<!-- \/ Yoast SEO plugin. -->","yoast_head_json":{"title":"Chiropracteur Biarritz - Chirocean","robots":{"index":"index","follow":"follow","max-snippet":"max-snippet:-1","max-image-preview":"max-image-preview:large","max-video-preview":"max-video-preview:-1"},"canonical":"https:\/\/www.chirocean.fr\/","og_locale":"es_ES","og_type":"article","og_title":"Pierre Buraglia Quiropractico en Biarritz - Bidarte - Baiona  - Consulta Quiropractica Pierre Buraglia","og_url":"https:\/\/www.chirocean.fr\/","og_site_name":"Consulta Quiropractica Pierre Buraglia","article_modified_time":"2026-01-16T23:22:17+00:00","og_image":[{"width":3482,"height":2301,"url":"https:\/\/www.chirocean.fr\/wp-content\/uploads\/2019\/08\/couverture.jpg","type":"image\/jpeg"}],"twitter_card":"summary_large_image","twitter_misc":{"Est. reading time":"1 minute"},"schema":{"@context":"https:\/\/schema.org","@graph":[{"@type":"WebPage","@id":"https:\/\/www.chirocean.fr\/","url":"https:\/\/www.chirocean.fr\/","name":"Chiropracteur Biarritz - Chirocean","isPartOf":{"@id":"https:\/\/www.chirocean.fr\/#website"},"primaryImageOfPage":{"@id":"https:\/\/www.chirocean.fr\/#primaryimage"},"image":{"@id":"https:\/\/www.chirocean.fr\/#primaryimage"},"thumbnailUrl":"https:\/\/www.chirocean.fr\/wp-content\/uploads\/2019\/08\/couverture.jpg","datePublished":"2019-06-05T10:22:06+00:00","dateModified":"2026-01-16T23:22:17+00:00","description":"Pierre Buraglia, chiropracteur \u00e0 Biarritz, vous accueille dans son cabinet face \u00e0 l'Oc\u00e9an et \u00e0 la plage des Embruns. Prenez RDV directement en ligne.","breadcrumb":{"@id":"https:\/\/www.chirocean.fr\/#breadcrumb"},"inLanguage":"es-ES","potentialAction":[{"@type":"ReadAction","target":["https:\/\/www.chirocean.fr\/"]}]},{"@type":"ImageObject","inLanguage":"es-ES","@id":"https:\/\/www.chirocean.fr\/#primaryimage","url":"https:\/\/www.chirocean.fr\/wp-content\/uploads\/2019\/08\/couverture.jpg","contentUrl":"https:\/\/www.chirocean.fr\/wp-content\/uploads\/2019\/08\/couverture.jpg","width":3482,"height":2301},{"@type":"BreadcrumbList","@id":"https:\/\/www.chirocean.fr\/#breadcrumb","itemListElement":[{"@type":"ListItem","position":1,"name":"Accueil","item":"https:\/\/www.chirocean.fr\/"},{"@type":"ListItem","position":2,"name":"Pierre Buraglia &#8211; Chiropracteur \u00e0 Biarritz &#8211; Bidart &#8211; Bayonne"}]},{"@type":"WebSite","@id":"https:\/\/www.chirocean.fr\/#website","url":"https:\/\/www.chirocean.fr\/","name":"Consulta Quiropractica Pierre Buraglia","description":"&quot;Deja tu cuerpo expressar todo su potential&quot;","publisher":{"@id":"https:\/\/www.chirocean.fr\/#organization"},"potentialAction":[{"@type":"SearchAction","target":{"@type":"EntryPoint","urlTemplate":"https:\/\/www.chirocean.fr\/?s={search_term_string}"},"query-input":{"@type":"PropertyValueSpecification","valueRequired":true,"valueName":"search_term_string"}}],"inLanguage":"es-ES"},{"@type":"Organization","@id":"https:\/\/www.chirocean.fr\/#organization","name":"Consulta Quiropractica Pierre Buraglia","url":"https:\/\/www.chirocean.fr\/","logo":{"@type":"ImageObject","inLanguage":"es-ES","@id":"https:\/\/www.chirocean.fr\/#\/schema\/logo\/image\/","url":"https:\/\/www.chirocean.fr\/wp-content\/uploads\/2019\/08\/cropped-Chiroc\u00e9an-ombre.jpg","contentUrl":"https:\/\/www.chirocean.fr\/wp-content\/uploads\/2019\/08\/cropped-Chiroc\u00e9an-ombre.jpg","width":4577,"height":1271,"caption":"Consulta Quiropractica Pierre Buraglia"},"image":{"@id":"https:\/\/www.chirocean.fr\/#\/schema\/logo\/image\/"}}]}},"_links":{"self":[{"href":"https:\/\/www.chirocean.fr\/es\/wp-json\/wp\/v2\/pages\/2","targetHints":{"allow":["GET"]}}],"collection":[{"href":"https:\/\/www.chirocean.fr\/es\/wp-json\/wp\/v2\/pages"}],"about":[{"href":"https:\/\/www.chirocean.fr\/es\/wp-json\/wp\/v2\/types\/page"}],"author":[{"embeddable":true,"href":"https:\/\/www.chirocean.fr\/es\/wp-json\/wp\/v2\/users\/1"}],"replies":[{"embeddable":true,"href":"https:\/\/www.chirocean.fr\/es\/wp-json\/wp\/v2\/comments?post=2"}],"version-history":[{"count":22,"href":"https:\/\/www.chirocean.fr\/es\/wp-json\/wp\/v2\/pages\/2\/revisions"}],"predecessor-version":[{"id":965,"href":"https:\/\/www.chirocean.fr\/es\/wp-json\/wp\/v2\/pages\/2\/revisions\/965"}],"wp:featuredmedia":[{"embeddable":true,"href":"https:\/\/www.chirocean.fr\/es\/wp-json\/wp\/v2\/media\/199"}],"wp:attachment":[{"href":"https:\/\/www.chirocean.fr\/es\/wp-json\/wp\/v2\/media?parent=2"}],"curies":[{"name":"wp","href":"https:\/\/api.w.org\/{rel}","templated":true}]}}