{"id":16,"date":"2019-06-05T11:37:24","date_gmt":"2019-06-05T11:37:24","guid":{"rendered":"https:\/\/www.chirocean.fr\/?page_id=16"},"modified":"2021-11-01T21:55:00","modified_gmt":"2021-11-01T21:55:00","slug":"consultation-chiropracteur","status":"publish","type":"page","link":"https:\/\/www.chirocean.fr\/es\/consultation-chiropracteur\/","title":{"rendered":"D\u00e9roulement d&#8217;une consultation chiropratique"},"content":{"rendered":"\n<div class=\"wp-block-jetpack-tiled-gallery aligncenter is-style-rectangular\"><div class=\"tiled-gallery__gallery\"><div class=\"tiled-gallery__row\"><div class=\"tiled-gallery__col\"><figure class=\"tiled-gallery__item\"><img decoding=\"async\" alt=\"\" data-height=\"1600\" data-id=\"274\" data-link=\"https:\/\/www.chirocean.fr\/consultation-chiropracteur\/img-20190829-wa0008-3\/\" data-url=\"https:\/\/www.chirocean.fr\/wp-content\/uploads\/2019\/08\/IMG-20190829-WA0008-3.jpg\" data-width=\"1600\" src=\"https:\/\/i2.wp.com\/www.chirocean.fr\/wp-content\/uploads\/2019\/08\/IMG-20190829-WA0008-3.jpg?ssl=1\"\/><\/figure><\/div><div class=\"tiled-gallery__col\"><figure class=\"tiled-gallery__item\"><img decoding=\"async\" alt=\"\" data-height=\"753\" data-id=\"278\" data-link=\"https:\/\/www.chirocean.fr\/consultation-chiropracteur\/posturo-8\/\" data-url=\"https:\/\/www.chirocean.fr\/wp-content\/uploads\/2019\/08\/posturo-8.jpg\" data-width=\"502\" src=\"https:\/\/i2.wp.com\/www.chirocean.fr\/wp-content\/uploads\/2019\/08\/posturo-8.jpg?ssl=1\"\/><\/figure><\/div><div class=\"tiled-gallery__col\"><figure class=\"tiled-gallery__item\"><img decoding=\"async\" alt=\"\" data-height=\"752\" data-id=\"279\" data-link=\"https:\/\/www.chirocean.fr\/consultation-chiropracteur\/ligness-6\/\" data-url=\"https:\/\/www.chirocean.fr\/wp-content\/uploads\/2019\/08\/ligness-6.jpg\" data-width=\"501\" src=\"https:\/\/i0.wp.com\/www.chirocean.fr\/wp-content\/uploads\/2019\/08\/ligness-6.jpg?ssl=1\"\/><\/figure><\/div><div class=\"tiled-gallery__col\"><figure class=\"tiled-gallery__item\"><img decoding=\"async\" alt=\"\" data-height=\"754\" data-id=\"280\" data-link=\"https:\/\/www.chirocean.fr\/consultation-chiropracteur\/palpa-5\/\" data-url=\"https:\/\/www.chirocean.fr\/wp-content\/uploads\/2019\/08\/palpa-5.jpg\" data-width=\"502\" src=\"https:\/\/i1.wp.com\/www.chirocean.fr\/wp-content\/uploads\/2019\/08\/palpa-5.jpg?ssl=1\"\/><\/figure><\/div><\/div><div class=\"tiled-gallery__row\"><div class=\"tiled-gallery__col\"><figure class=\"tiled-gallery__item\"><img decoding=\"async\" alt=\"\" data-height=\"753\" data-id=\"281\" data-link=\"https:\/\/www.chirocean.fr\/consultation-chiropracteur\/consultation-7\/\" data-url=\"https:\/\/www.chirocean.fr\/wp-content\/uploads\/2019\/08\/consultation-7.jpg\" data-width=\"1128\" src=\"https:\/\/i1.wp.com\/www.chirocean.fr\/wp-content\/uploads\/2019\/08\/consultation-7.jpg?ssl=1\"\/><\/figure><\/div><div class=\"tiled-gallery__col\"><figure class=\"tiled-gallery__item\"><img decoding=\"async\" alt=\"\" data-height=\"679\" data-id=\"282\" data-link=\"https:\/\/www.chirocean.fr\/consultation-chiropracteur\/rom2-8\/\" data-url=\"https:\/\/www.chirocean.fr\/wp-content\/uploads\/2019\/08\/rom2-8.jpg\" data-width=\"498\" src=\"https:\/\/i1.wp.com\/www.chirocean.fr\/wp-content\/uploads\/2019\/08\/rom2-8.jpg?ssl=1\"\/><\/figure><\/div><\/div><\/div><\/div>\n\n\n\n<ul class=\"wp-block-list\"><li>1\u00e8re consultation chiropratique (1H30 environ) : <\/li><\/ul>\n\n\n\n<p>A la premi\u00e8re consultation, votre chiropracteur proc\u00e9dera \u00e0 un interrogatoire pour en savoir plus sur vos ant\u00e9c\u00e9dents, habitudes de vie, douleurs, pathologies&#8230; pour avoir une id\u00e9e pr\u00e9cise de votre motif de consultation ainsi qu&#8217;une vision globale de votre sant\u00e9 et des autres probl\u00e9matiques en lien ou non ainsi que pour cibler les diff\u00e9rents stress physiques, chimiques et \u00e9motionnels et leur r\u00e9percussion sur votre sant\u00e9. <\/p>\n\n\n\n<p>Il pourra \u00e9galement interpr\u00e9ter les diff\u00e9rentes imageries, examens compl\u00e9mentaires que vous pourrez rapporter pour les int\u00e9grer dans sa r\u00e9flexion.<\/p>\n\n\n\n<p>Le chiropracteur proc\u00e9dera ensuite \u00e0 une \u00e9tude de votre posture, \u00e9quilibre, d\u00e9marche&#8230; <\/p>\n\n\n\n<p>Effectuera des tests orthop\u00e9diques, neurologiques chiropratiques en fonction de votre contexte pour l&#8217;aider dans sa d\u00e9marche diagnostique.<\/p>\n\n\n\n<p>Il \u00e9valuera votre mobilit\u00e9 articulaire, les diff\u00e9rentes tensions musculaires, mobilit\u00e9 des fascias&#8230;<\/p>\n\n\n\n<p>Enfin apr\u00e8s \u00e9tude approfondie de tous ces \u00e9l\u00e9ments il passera \u00e0 la pratique \u00e0 l&#8217;aide de diff\u00e9rentes techniques manuelles (points d\u2019accu-pression, travail sur les fascias, \u00e9tirements&#8230;) et techniques chiropratiques pour pr\u00e9venir l&#8217;apparition de diff\u00e9rents maux ou soulager vos douleurs d&#8217;une part, mais surtout identifier et traiter la cause afin d&#8217;\u00e9viter que vos douleurs ne r\u00e9apparaissent.  Pour cela il ne travaillera pas que sur la zone douloureuse mais veillera \u00e0 rel\u00e2cher les diff\u00e9rents d\u00e9s\u00e9quilibres, interactions et compensations  de la t\u00eate aux pieds.<\/p>\n\n\n\n<p>Le chiropracteur vous donnera \u00e9galement des conseils posturaux, d\u2019hygi\u00e8ne de vie ainsi que vous conseillera des exercices \u00e0 appliquer en pr\u00e9vention ou pour aider \u00e0 la r\u00e9solution de vos maux. Ceci afin d&#8217;\u00eatre un maximum conscient de votre corps et des \u00e9l\u00e9ments contribuant \u00e0 un \u00e9tat de sant\u00e9 optimal pour \u00eatre actif  dans le traitement.<\/p>\n\n\n\n<div class=\"wp-block-jetpack-tiled-gallery aligncenter is-style-rectangular\"><div class=\"tiled-gallery__gallery\"><div class=\"tiled-gallery__row\"><div class=\"tiled-gallery__col\"><figure class=\"tiled-gallery__item\"><img decoding=\"async\" alt=\"\" data-height=\"3648\" data-id=\"823\" data-link=\"https:\/\/www.chirocean.fr\/consultation-chiropracteur\/img_20201210_100852-3\/\" data-url=\"https:\/\/www.chirocean.fr\/wp-content\/uploads\/2021\/02\/IMG_20201210_100852-3.jpg\" data-width=\"2736\" src=\"https:\/\/i0.wp.com\/www.chirocean.fr\/wp-content\/uploads\/2021\/02\/IMG_20201210_100852-3.jpg?ssl=1\"\/><\/figure><\/div><\/div><\/div><\/div>\n\n\n\n<p> Quelques fonctionnalit\u00e9s de la table du cabinet :  <\/p>\n\n\n\n<p>Table \u00e0 flexion distraction cervical et lombaires, technique Cox<\/p>\n\n\n\n<figure class=\"wp-block-image\"><img loading=\"lazy\" decoding=\"async\" width=\"863\" height=\"564\" src=\"https:\/\/www.chirocean.fr\/wp-content\/uploads\/2021\/11\/table.jpg\" alt=\"\" class=\"wp-image-867\" srcset=\"https:\/\/www.chirocean.fr\/wp-content\/uploads\/2021\/11\/table.jpg 863w, https:\/\/www.chirocean.fr\/wp-content\/uploads\/2021\/11\/table-300x196.jpg 300w, https:\/\/www.chirocean.fr\/wp-content\/uploads\/2021\/11\/table-768x502.jpg 768w\" sizes=\"auto, (max-width: 863px) 100vw, 863px\" \/><figcaption>Table flexion distraction<\/figcaption><\/figure>\n\n\n\n<p> -Flexion distraction automatique lombaire: Cela permet de tracter les vert\u00e8bres pour rel\u00e2cher la pression sur les disques, articulations et nerfs et de r\u00e9aliser des mouvements sp\u00e9cifiques sur une vert\u00e8bre donn\u00e9e.  Ceci afin de travailler avec pr\u00e9cision sur diff\u00e9rentes conditions au niveau des lombaires et thoraciques. Id\u00e9al pour donner un peu d&#8217;espace aux racines nerveuses en cas de canal lombaire \u00e9troit, de sciatique, cruralgie, diminuer la pression sur les articulations post\u00e9rieures en fonction de la cambrure, de l&#8217;arthrose, aider la r\u00e9hydration des disques, gagner en mobilit\u00e9, travailler sur les m\u00e9ninges&#8230;  <\/p>\n\n\n\n<p>-Flexion distraction et lat\u00e9ralit\u00e9 manuelle: Cela permet d&#8217;aller dans plus de directions et d&#8217;associer diff\u00e9rents mouvements pour encore plus de sp\u00e9cificit\u00e9, de diminuer plus pr\u00e9cis\u00e9ment la pression sur le disque et la racine, de tracter une articulation dans une direction donn\u00e9e&#8230; <\/p>\n\n\n\n<figure class=\"wp-block-image\"><img loading=\"lazy\" decoding=\"async\" width=\"912\" height=\"684\" src=\"https:\/\/www.chirocean.fr\/wp-content\/uploads\/2021\/11\/femmes-enceintes.jpg\" alt=\"\" class=\"wp-image-868\" srcset=\"https:\/\/www.chirocean.fr\/wp-content\/uploads\/2021\/11\/femmes-enceintes.jpg 912w, https:\/\/www.chirocean.fr\/wp-content\/uploads\/2021\/11\/femmes-enceintes-300x225.jpg 300w, https:\/\/www.chirocean.fr\/wp-content\/uploads\/2021\/11\/femmes-enceintes-768x576.jpg 768w\" sizes=\"auto, (max-width: 912px) 100vw, 912px\" \/><\/figure>\n\n\n\n<p>\n\n-Abaissement pour les femmes enceintes et personnes en surpoids:\nNon non vous ne r\u00eavez pas, vous en avez r\u00eav\u00e9, il est enfin possible de vous mettre sur le ventre enceinte et de reposer votre dos, musculature&#8230; <\/p>\n\n\n\n<p>\nCela permet de travailler sur les femmes enceintes en position sur le ventre et de leur donner un maximum de confort. \nCela fonctionne aussi pour les patients \u00e0 fort gabarit pour pouvoir \u00e9tudier et travailler sur leur corps en respectant les courbures tel qu&#8217;en positon debout.\n\n-Flexion distraction et lat\u00e9ralit\u00e9 cervicale:\nCela permet de travailler avec grande pr\u00e9cision sur diff\u00e9rentes conditions au niveau des cervicales (arthrose, diff\u00e9rents types de n\u00e9vralgies, raideur, hernies discales&#8230;)<\/p>\n\n\n\n<figure class=\"wp-block-image\"><img loading=\"lazy\" decoding=\"async\" width=\"954\" height=\"540\" src=\"https:\/\/www.chirocean.fr\/wp-content\/uploads\/2021\/11\/l\u00e8ve-pieds.jpg\" alt=\"\" class=\"wp-image-869\" srcset=\"https:\/\/www.chirocean.fr\/wp-content\/uploads\/2021\/11\/l\u00e8ve-pieds.jpg 954w, https:\/\/www.chirocean.fr\/wp-content\/uploads\/2021\/11\/l\u00e8ve-pieds-300x170.jpg 300w, https:\/\/www.chirocean.fr\/wp-content\/uploads\/2021\/11\/l\u00e8ve-pieds-768x435.jpg 768w\" sizes=\"auto, (max-width: 954px) 100vw, 954px\" \/><\/figure>\n\n\n\n<p>\n\n-\u00c9l\u00e9vation jambes: \nPour permettre aux patients avec luxation de rotules ou douleur de genou importante qui ne peuvent pas tendre la jambe d&#8217;\u00eatre confortables sur le ventre.\nCela permet \u00e9galement de diminuer la lordose (cambrure) dans le bas du dos, rel\u00e2cher les fascias&#8230; <\/p>\n\n\n\n<p> -\u00c9l\u00e9vation de la table:  Pour le confort de votre Chiropracteur et l&#8217;ergonomie, pour qu&#8217;il puisse continuer de s&#8217;occuper de vous et vos proches plus longtemps et pour plus de pr\u00e9cision dans les techniques<\/p>\n\n\n\n<p>-Drop : Partie de la table qui se sur\u00e9l\u00e8ve de 1cm  et retombe pour transmettre de la vitesse \u00e0 une articulation pour lui redonner la bonne amplitude, d\u00e9tendre les muscles, relarguer de l&#8217;endorphine et stimuler au niveau neurologique<\/p>\n\n\n\n<p class=\"has-medium-font-size\"><strong>Tarifs<\/strong> :<\/p>\n\n\n\n<p><strong>1\u00e8re consultation : 60 Euros (1H30)<\/strong><\/p>\n\n\n\n<p><strong>Consultations de suivi : 50 Euros (45min-1H)<\/strong><\/p>\n\n\n\n<p><strong>La plupart des mutuelles remboursent la chiropraxie !<\/strong><\/p>\n\n\n\n<p>Pour en savoir plus n&#8217;h\u00e9sitez pas \u00e0 contacter votre mutuelle.<\/p>\n\n\n\n<p>R\u00e8glement en Esp\u00e8ces ou Ch\u00e8que uniquement, le cabinet ne dispose pas de lecteur de carte&#8230;.<\/p>\n","protected":false},"excerpt":{"rendered":"<p>1\u00e8re consultation chiropratique (1H30 environ) : A la premi\u00e8re consultation, votre chiropracteur proc\u00e9dera \u00e0 un interrogatoire pour en savoir plus sur vos ant\u00e9c\u00e9dents, habitudes de vie, douleurs, pathologies&#8230; pour avoir une id\u00e9e pr\u00e9cise de votre motif de consultation ainsi qu&#8217;une vision globale de votre sant\u00e9 et des autres probl\u00e9matiques en lien ou non ainsi que&hellip; <a href=\"https:\/\/www.chirocean.fr\/es\/consultation-chiropracteur\/\" class=\"more-link\">Sigue leyendo <span class=\"screen-reader-text\">D\u00e9roulement d&#8217;une consultation chiropratique<\/span><\/a><\/p>\n","protected":false},"author":1,"featured_media":0,"parent":0,"menu_order":0,"comment_status":"closed","ping_status":"closed","template":"","meta":{"footnotes":""},"class_list":["post-16","page","type-page","status-publish","hentry","without-featured-image"],"translation":{"provider":"WPGlobus","version":"3.0.2","language":"es","enabled_languages":["fr","en","es","eu"],"languages":{"fr":{"title":true,"content":true,"excerpt":false},"en":{"title":false,"content":false,"excerpt":false},"es":{"title":false,"content":false,"excerpt":false},"eu":{"title":false,"content":false,"excerpt":false}}},"yoast_head":"<!-- This site is optimized with the Yoast SEO plugin v27.5 - https:\/\/yoast.com\/product\/yoast-seo-wordpress\/ -->\n<title>D\u00e9roulement Consultation Chiropracteur - Chirocean<\/title>\n<meta name=\"robots\" content=\"index, follow, max-snippet:-1, max-image-preview:large, max-video-preview:-1\" \/>\n<link rel=\"canonical\" href=\"https:\/\/www.chirocean.fr\/consultation-chiropracteur\/\" \/>\n<meta property=\"og:locale\" content=\"es_ES\" \/>\n<meta property=\"og:type\" content=\"article\" \/>\n<meta property=\"og:title\" content=\"D\u00e9roulement d&#039;une consultation chiropratique - Consulta Quiropractica Pierre Buraglia\" \/>\n<meta property=\"og:url\" content=\"https:\/\/www.chirocean.fr\/consultation-chiropracteur\/\" \/>\n<meta property=\"og:site_name\" content=\"Consulta Quiropractica Pierre Buraglia\" \/>\n<meta property=\"article:modified_time\" content=\"2021-11-01T21:55:00+00:00\" \/>\n<meta property=\"og:image\" content=\"https:\/\/i2.wp.com\/www.chirocean.fr\/wp-content\/uploads\/2019\/08\/IMG-20190829-WA0008-3.jpg?ssl=1\" \/>\n<meta name=\"twitter:card\" content=\"summary_large_image\" \/>\n<meta name=\"twitter:label1\" content=\"Est. reading time\" \/>\n\t<meta name=\"twitter:data1\" content=\"4 minutes\" \/>\n<script type=\"application\/ld+json\" class=\"yoast-schema-graph\">{\"@context\":\"https:\\\/\\\/schema.org\",\"@graph\":[{\"@type\":\"WebPage\",\"@id\":\"https:\\\/\\\/www.chirocean.fr\\\/consultation-chiropracteur\\\/\",\"url\":\"https:\\\/\\\/www.chirocean.fr\\\/consultation-chiropracteur\\\/\",\"name\":\"D\u00e9roulement Consultation Chiropracteur - Chirocean\",\"isPartOf\":{\"@id\":\"https:\\\/\\\/www.chirocean.fr\\\/#website\"},\"primaryImageOfPage\":{\"@id\":\"https:\\\/\\\/www.chirocean.fr\\\/consultation-chiropracteur\\\/#primaryimage\"},\"image\":{\"@id\":\"https:\\\/\\\/www.chirocean.fr\\\/consultation-chiropracteur\\\/#primaryimage\"},\"thumbnailUrl\":\"https:\\\/\\\/i2.wp.com\\\/www.chirocean.fr\\\/wp-content\\\/uploads\\\/2019\\\/08\\\/IMG-20190829-WA0008-3.jpg?ssl=1\",\"datePublished\":\"2019-06-05T11:37:24+00:00\",\"dateModified\":\"2021-11-01T21:55:00+00:00\",\"description\":\"A la premi\u00e8re consultation, votre chiropracteur proc\u00e9dera \u00e0 un interrogatoire pour en savoir plus sur vos ant\u00e9c\u00e9dents, habitudes de vie, douleurs, pathologie.\",\"breadcrumb\":{\"@id\":\"https:\\\/\\\/www.chirocean.fr\\\/consultation-chiropracteur\\\/#breadcrumb\"},\"inLanguage\":\"es-ES\",\"potentialAction\":[{\"@type\":\"ReadAction\",\"target\":[\"https:\\\/\\\/www.chirocean.fr\\\/consultation-chiropracteur\\\/\"]}]},{\"@type\":\"ImageObject\",\"inLanguage\":\"es-ES\",\"@id\":\"https:\\\/\\\/www.chirocean.fr\\\/consultation-chiropracteur\\\/#primaryimage\",\"url\":\"https:\\\/\\\/i2.wp.com\\\/www.chirocean.fr\\\/wp-content\\\/uploads\\\/2019\\\/08\\\/IMG-20190829-WA0008-3.jpg?ssl=1\",\"contentUrl\":\"https:\\\/\\\/i2.wp.com\\\/www.chirocean.fr\\\/wp-content\\\/uploads\\\/2019\\\/08\\\/IMG-20190829-WA0008-3.jpg?ssl=1\"},{\"@type\":\"BreadcrumbList\",\"@id\":\"https:\\\/\\\/www.chirocean.fr\\\/consultation-chiropracteur\\\/#breadcrumb\",\"itemListElement\":[{\"@type\":\"ListItem\",\"position\":1,\"name\":\"Accueil\",\"item\":\"https:\\\/\\\/www.chirocean.fr\\\/\"},{\"@type\":\"ListItem\",\"position\":2,\"name\":\"D\u00e9roulement d&rsquo;une consultation chiropratique\"}]},{\"@type\":\"WebSite\",\"@id\":\"https:\\\/\\\/www.chirocean.fr\\\/#website\",\"url\":\"https:\\\/\\\/www.chirocean.fr\\\/\",\"name\":\"Consulta Quiropractica Pierre Buraglia\",\"description\":\"&quot;Deja tu cuerpo expressar todo su potential&quot;\",\"publisher\":{\"@id\":\"https:\\\/\\\/www.chirocean.fr\\\/#organization\"},\"potentialAction\":[{\"@type\":\"SearchAction\",\"target\":{\"@type\":\"EntryPoint\",\"urlTemplate\":\"https:\\\/\\\/www.chirocean.fr\\\/?s={search_term_string}\"},\"query-input\":{\"@type\":\"PropertyValueSpecification\",\"valueRequired\":true,\"valueName\":\"search_term_string\"}}],\"inLanguage\":\"es-ES\"},{\"@type\":\"Organization\",\"@id\":\"https:\\\/\\\/www.chirocean.fr\\\/#organization\",\"name\":\"Consulta Quiropractica Pierre Buraglia\",\"url\":\"https:\\\/\\\/www.chirocean.fr\\\/\",\"logo\":{\"@type\":\"ImageObject\",\"inLanguage\":\"es-ES\",\"@id\":\"https:\\\/\\\/www.chirocean.fr\\\/#\\\/schema\\\/logo\\\/image\\\/\",\"url\":\"https:\\\/\\\/www.chirocean.fr\\\/wp-content\\\/uploads\\\/2019\\\/08\\\/cropped-Chiroc\u00e9an-ombre.jpg\",\"contentUrl\":\"https:\\\/\\\/www.chirocean.fr\\\/wp-content\\\/uploads\\\/2019\\\/08\\\/cropped-Chiroc\u00e9an-ombre.jpg\",\"width\":4577,\"height\":1271,\"caption\":\"Consulta Quiropractica Pierre Buraglia\"},\"image\":{\"@id\":\"https:\\\/\\\/www.chirocean.fr\\\/#\\\/schema\\\/logo\\\/image\\\/\"}}]}<\/script>\n<!-- \/ Yoast SEO plugin. -->","yoast_head_json":{"title":"D\u00e9roulement Consultation Chiropracteur - Chirocean","robots":{"index":"index","follow":"follow","max-snippet":"max-snippet:-1","max-image-preview":"max-image-preview:large","max-video-preview":"max-video-preview:-1"},"canonical":"https:\/\/www.chirocean.fr\/consultation-chiropracteur\/","og_locale":"es_ES","og_type":"article","og_title":"D\u00e9roulement d'une consultation chiropratique - Consulta Quiropractica Pierre Buraglia","og_url":"https:\/\/www.chirocean.fr\/consultation-chiropracteur\/","og_site_name":"Consulta Quiropractica Pierre Buraglia","article_modified_time":"2021-11-01T21:55:00+00:00","og_image":[{"url":"https:\/\/i2.wp.com\/www.chirocean.fr\/wp-content\/uploads\/2019\/08\/IMG-20190829-WA0008-3.jpg?ssl=1","type":"","width":"","height":""}],"twitter_card":"summary_large_image","twitter_misc":{"Est. reading time":"4 minutes"},"schema":{"@context":"https:\/\/schema.org","@graph":[{"@type":"WebPage","@id":"https:\/\/www.chirocean.fr\/consultation-chiropracteur\/","url":"https:\/\/www.chirocean.fr\/consultation-chiropracteur\/","name":"D\u00e9roulement Consultation Chiropracteur - Chirocean","isPartOf":{"@id":"https:\/\/www.chirocean.fr\/#website"},"primaryImageOfPage":{"@id":"https:\/\/www.chirocean.fr\/consultation-chiropracteur\/#primaryimage"},"image":{"@id":"https:\/\/www.chirocean.fr\/consultation-chiropracteur\/#primaryimage"},"thumbnailUrl":"https:\/\/i2.wp.com\/www.chirocean.fr\/wp-content\/uploads\/2019\/08\/IMG-20190829-WA0008-3.jpg?ssl=1","datePublished":"2019-06-05T11:37:24+00:00","dateModified":"2021-11-01T21:55:00+00:00","description":"A la premi\u00e8re consultation, votre chiropracteur proc\u00e9dera \u00e0 un interrogatoire pour en savoir plus sur vos ant\u00e9c\u00e9dents, habitudes de vie, douleurs, pathologie.","breadcrumb":{"@id":"https:\/\/www.chirocean.fr\/consultation-chiropracteur\/#breadcrumb"},"inLanguage":"es-ES","potentialAction":[{"@type":"ReadAction","target":["https:\/\/www.chirocean.fr\/consultation-chiropracteur\/"]}]},{"@type":"ImageObject","inLanguage":"es-ES","@id":"https:\/\/www.chirocean.fr\/consultation-chiropracteur\/#primaryimage","url":"https:\/\/i2.wp.com\/www.chirocean.fr\/wp-content\/uploads\/2019\/08\/IMG-20190829-WA0008-3.jpg?ssl=1","contentUrl":"https:\/\/i2.wp.com\/www.chirocean.fr\/wp-content\/uploads\/2019\/08\/IMG-20190829-WA0008-3.jpg?ssl=1"},{"@type":"BreadcrumbList","@id":"https:\/\/www.chirocean.fr\/consultation-chiropracteur\/#breadcrumb","itemListElement":[{"@type":"ListItem","position":1,"name":"Accueil","item":"https:\/\/www.chirocean.fr\/"},{"@type":"ListItem","position":2,"name":"D\u00e9roulement d&rsquo;une consultation chiropratique"}]},{"@type":"WebSite","@id":"https:\/\/www.chirocean.fr\/#website","url":"https:\/\/www.chirocean.fr\/","name":"Consulta Quiropractica Pierre Buraglia","description":"&quot;Deja tu cuerpo expressar todo su potential&quot;","publisher":{"@id":"https:\/\/www.chirocean.fr\/#organization"},"potentialAction":[{"@type":"SearchAction","target":{"@type":"EntryPoint","urlTemplate":"https:\/\/www.chirocean.fr\/?s={search_term_string}"},"query-input":{"@type":"PropertyValueSpecification","valueRequired":true,"valueName":"search_term_string"}}],"inLanguage":"es-ES"},{"@type":"Organization","@id":"https:\/\/www.chirocean.fr\/#organization","name":"Consulta Quiropractica Pierre Buraglia","url":"https:\/\/www.chirocean.fr\/","logo":{"@type":"ImageObject","inLanguage":"es-ES","@id":"https:\/\/www.chirocean.fr\/#\/schema\/logo\/image\/","url":"https:\/\/www.chirocean.fr\/wp-content\/uploads\/2019\/08\/cropped-Chiroc\u00e9an-ombre.jpg","contentUrl":"https:\/\/www.chirocean.fr\/wp-content\/uploads\/2019\/08\/cropped-Chiroc\u00e9an-ombre.jpg","width":4577,"height":1271,"caption":"Consulta Quiropractica Pierre Buraglia"},"image":{"@id":"https:\/\/www.chirocean.fr\/#\/schema\/logo\/image\/"}}]}},"_links":{"self":[{"href":"https:\/\/www.chirocean.fr\/es\/wp-json\/wp\/v2\/pages\/16","targetHints":{"allow":["GET"]}}],"collection":[{"href":"https:\/\/www.chirocean.fr\/es\/wp-json\/wp\/v2\/pages"}],"about":[{"href":"https:\/\/www.chirocean.fr\/es\/wp-json\/wp\/v2\/types\/page"}],"author":[{"embeddable":true,"href":"https:\/\/www.chirocean.fr\/es\/wp-json\/wp\/v2\/users\/1"}],"replies":[{"embeddable":true,"href":"https:\/\/www.chirocean.fr\/es\/wp-json\/wp\/v2\/comments?post=16"}],"version-history":[{"count":14,"href":"https:\/\/www.chirocean.fr\/es\/wp-json\/wp\/v2\/pages\/16\/revisions"}],"predecessor-version":[{"id":871,"href":"https:\/\/www.chirocean.fr\/es\/wp-json\/wp\/v2\/pages\/16\/revisions\/871"}],"wp:attachment":[{"href":"https:\/\/www.chirocean.fr\/es\/wp-json\/wp\/v2\/media?parent=16"}],"curies":[{"name":"wp","href":"https:\/\/api.w.org\/{rel}","templated":true}]}}