{"id":12,"date":"2019-06-05T11:22:16","date_gmt":"2019-06-05T11:22:16","guid":{"rendered":"https:\/\/www.chirocean.fr\/?page_id=12"},"modified":"2021-02-01T22:26:56","modified_gmt":"2021-02-01T22:26:56","slug":"cabinet-chiropraxie","status":"publish","type":"page","link":"https:\/\/www.chirocean.fr\/en\/cabinet-chiropraxie\/","title":{"rendered":"Cabinet de chiropraxie \u00e0 Bidart"},"content":{"rendered":"\n<div class=\"wp-block-image\"><figure class=\"aligncenter is-resized\"><img loading=\"lazy\" decoding=\"async\" src=\"https:\/\/i1.wp.com\/www.chirocean.fr\/wp-content\/uploads\/2020\/06\/85244730_658298811568234_5216947537222565888_n.jpg?fit=825%2C464&amp;ssl=1\" alt=\"\" class=\"wp-image-770\" width=\"643\" height=\"361\" srcset=\"https:\/\/www.chirocean.fr\/wp-content\/uploads\/2020\/06\/85244730_658298811568234_5216947537222565888_n.jpg 2048w, https:\/\/www.chirocean.fr\/wp-content\/uploads\/2020\/06\/85244730_658298811568234_5216947537222565888_n-300x169.jpg 300w, https:\/\/www.chirocean.fr\/wp-content\/uploads\/2020\/06\/85244730_658298811568234_5216947537222565888_n-768x432.jpg 768w, https:\/\/www.chirocean.fr\/wp-content\/uploads\/2020\/06\/85244730_658298811568234_5216947537222565888_n-1024x576.jpg 1024w\" sizes=\"auto, (max-width: 643px) 100vw, 643px\" \/><\/figure><\/div>\n\n\n\n<p>Le cabinet est situ\u00e9 \u00e0 Bidart, pr\u00e8s de Biarritz et Gu\u00e9thary, face \u00e0 l&#8217;Oc\u00e9an et la plage des embruns. <\/p>\n\n\n\n<p>Dans l&#8217;enceinte du centre de R\u00e9\u00e9ducation et R\u00e9adaptation Fonctionnelle &#8220;Les Embruns&#8221;, dans un b\u00e2timent ind\u00e9pendant front mer. <\/p>\n\n\n\n<p>Id\u00e9al pour se relaxer apr\u00e8s la consultation et se ressourcer face \u00e0 l&#8217;Oc\u00e9an, marcher sur la plage&#8230;<\/p>\n\n\n\n<p style=\"font-size:0\"> <span style=\"text-decoration: underline;\">Adresse<\/span>  : SSR, Les Embruns, rue de l&#8217;Uhabia, 64210 Bidart<\/p>\n\n\n\n<p> <span style=\"text-decoration: underline;\">Accessibilit\u00e9<\/span> :<\/p>\n\n\n\n<div class=\"wp-block-image\"><figure class=\"aligncenter\"><img loading=\"lazy\" decoding=\"async\" width=\"1370\" height=\"613\" src=\"https:\/\/i2.wp.com\/www.chirocean.fr\/wp-content\/uploads\/2019\/07\/planacc\u00e8s.jpg?fit=825%2C369&amp;ssl=1\" alt=\"\" class=\"wp-image-150\" srcset=\"https:\/\/www.chirocean.fr\/wp-content\/uploads\/2019\/07\/planacc\u00e8s.jpg 1370w, https:\/\/www.chirocean.fr\/wp-content\/uploads\/2019\/07\/planacc\u00e8s-300x134.jpg 300w, https:\/\/www.chirocean.fr\/wp-content\/uploads\/2019\/07\/planacc\u00e8s-768x344.jpg 768w, https:\/\/www.chirocean.fr\/wp-content\/uploads\/2019\/07\/planacc\u00e8s-1024x458.jpg 1024w\" sizes=\"auto, (max-width: 1370px) 100vw, 1370px\" \/><figcaption>Plan d&#8217;acc\u00e8s bus et parkings<\/figcaption><\/figure><\/div>\n\n\n\n<ul class=\"wp-block-list\"><li>Bus :    <img loading=\"lazy\" decoding=\"async\" width=\"190\" height=\"40\" scale=\"0\" class=\"wp-image-442\" style=\"width: 190px;\" src=\"https:\/\/www.chirocean.fr\/wp-content\/uploads\/2020\/01\/bus-nouveau.jpg\" alt=\"\" srcset=\"https:\/\/www.chirocean.fr\/wp-content\/uploads\/2020\/01\/bus-nouveau.jpg 320w, https:\/\/www.chirocean.fr\/wp-content\/uploads\/2020\/01\/bus-nouveau-300x63.jpg 300w\" sizes=\"auto, (max-width: 190px) 100vw, 190px\" \/>                                                                Arr\u00eat : &#8220;PLAGE&#8221;   descendre \u00e0 &#8220;PLAGE&#8221; ou  \u00e0 l&#8217;arr\u00eat &#8220;Les Embruns&#8221; (ligne 3) <\/li><\/ul>\n\n\n\n<ul class=\"wp-block-list\"><li>Voiture : Parking gratuit face aux restaurants et parking gratuit plage des embruns (en cas d&#8217;affluence l&#8217;\u00e9t\u00e9, remonter la rue de l&#8217;Uhabia et tourner dans la rue \u00e0 gauche: autres places. Parking de l&#8217;Uhabia, du centre, Bid&#8217;a Park&#8230; \u00e9galement possibles)<\/li><\/ul>\n\n\n\n<ul class=\"wp-block-list\"><li>Le Parking du centre des embruns est r\u00e9serv\u00e9 aux patients \u00e0 mobilit\u00e9 r\u00e9duite uniquement (ouverture via l&#8217;interphone)<\/li><\/ul>\n\n\n\n<figure class=\"wp-block-image\"><img loading=\"lazy\" decoding=\"async\" width=\"1024\" height=\"768\" src=\"https:\/\/www.chirocean.fr\/wp-content\/uploads\/2019\/08\/IMG_20190820_183509_BURST001_COVER-1024x768.jpg\" alt=\"\" class=\"wp-image-192\" srcset=\"https:\/\/www.chirocean.fr\/wp-content\/uploads\/2019\/08\/IMG_20190820_183509_BURST001_COVER-1024x768.jpg 1024w, https:\/\/www.chirocean.fr\/wp-content\/uploads\/2019\/08\/IMG_20190820_183509_BURST001_COVER-300x225.jpg 300w, https:\/\/www.chirocean.fr\/wp-content\/uploads\/2019\/08\/IMG_20190820_183509_BURST001_COVER-768x576.jpg 768w\" sizes=\"auto, (max-width: 1024px) 100vw, 1024px\" \/><figcaption>Entr\u00e9e du centre<\/figcaption><\/figure>\n\n\n\n<p>Une fois le portail \u00e9lectrique du centre pass\u00e9 A PIED, suivre \u00e0 l\u2019ext\u00e9rieur le panneau Baln\u00e9oth\u00e9rapie \/ Micro-cr\u00e8che  en vous dirigeant vers le point de vue. Le Cabinet de chiropraxie se trouve \u00e0 droite face \u00e0 la mer<\/p>\n\n\n\n<p class=\"has-medium-font-size\"><span style=\"text-decoration: underline;\"><strong>Horaires<\/strong><\/span><strong> :<\/strong><\/p>\n\n\n\n<ul class=\"wp-block-list\"><li>Du Lundi au Samedi  9H &#8211; 20H  <\/li><\/ul>\n\n\n\n<p>Exceptions :<\/p>\n\n\n\n<ul class=\"wp-block-list\"><li>Samedi 9H &#8211; 13H<\/li><\/ul>\n\n\n\n<div class=\"wp-block-jetpack-tiled-gallery aligncenter is-style-rectangular\"><div class=\"tiled-gallery__gallery\"><div class=\"tiled-gallery__row\"><div class=\"tiled-gallery__col\"><figure class=\"tiled-gallery__item\"><img decoding=\"async\" alt=\"\" data-height=\"3648\" data-id=\"813\" data-link=\"https:\/\/www.chirocean.fr\/cabinet-chiropraxie\/img_20200901_203041\/\" data-url=\"https:\/\/www.chirocean.fr\/wp-content\/uploads\/2021\/02\/IMG_20200901_203041.jpg\" data-width=\"2736\" src=\"https:\/\/i0.wp.com\/www.chirocean.fr\/wp-content\/uploads\/2021\/02\/IMG_20200901_203041.jpg?ssl=1\"\/><\/figure><\/div><div class=\"tiled-gallery__col\"><figure class=\"tiled-gallery__item\"><img decoding=\"async\" alt=\"\" data-height=\"3648\" data-id=\"820\" data-link=\"https:\/\/www.chirocean.fr\/cabinet-chiropraxie\/img_20201210_100852-2\/\" data-url=\"https:\/\/www.chirocean.fr\/wp-content\/uploads\/2021\/02\/IMG_20201210_100852-2.jpg\" data-width=\"2736\" src=\"https:\/\/i1.wp.com\/www.chirocean.fr\/wp-content\/uploads\/2021\/02\/IMG_20201210_100852-2.jpg?ssl=1\"\/><\/figure><\/div><\/div><\/div><\/div>\n\n\n\n<div class=\"wp-block-jetpack-tiled-gallery aligncenter is-style-rectangular\"><div class=\"tiled-gallery__gallery\"><div class=\"tiled-gallery__row\"><div class=\"tiled-gallery__col\"><figure class=\"tiled-gallery__item\"><img decoding=\"async\" alt=\"\" data-height=\"2736\" data-id=\"821\" data-link=\"https:\/\/www.chirocean.fr\/cabinet-chiropraxie\/img_20200901_203258-1\/\" data-url=\"https:\/\/www.chirocean.fr\/wp-content\/uploads\/2021\/02\/IMG_20200901_203258-1.jpg\" data-width=\"3648\" src=\"https:\/\/i0.wp.com\/www.chirocean.fr\/wp-content\/uploads\/2021\/02\/IMG_20200901_203258-1.jpg?ssl=1\"\/><\/figure><\/div><\/div><\/div><\/div>\n\n\n\n<figure class=\"wp-block-image\"><img loading=\"lazy\" decoding=\"async\" width=\"3162\" height=\"2232\" src=\"https:\/\/i1.wp.com\/www.chirocean.fr\/wp-content\/uploads\/2020\/01\/vue-c\u00f4te.jpg?fit=825%2C582&amp;ssl=1\" alt=\"\" class=\"wp-image-444\" srcset=\"https:\/\/www.chirocean.fr\/wp-content\/uploads\/2020\/01\/vue-c\u00f4te.jpg 3162w, https:\/\/www.chirocean.fr\/wp-content\/uploads\/2020\/01\/vue-c\u00f4te-300x212.jpg 300w, https:\/\/www.chirocean.fr\/wp-content\/uploads\/2020\/01\/vue-c\u00f4te-768x542.jpg 768w, https:\/\/www.chirocean.fr\/wp-content\/uploads\/2020\/01\/vue-c\u00f4te-1024x723.jpg 1024w\" sizes=\"auto, (max-width: 3162px) 100vw, 3162px\" \/><figcaption>Cabinet Bidart<\/figcaption><\/figure>\n","protected":false},"excerpt":{"rendered":"<p>Le cabinet est situ\u00e9 \u00e0 Bidart, pr\u00e8s de Biarritz et Gu\u00e9thary, face \u00e0 l&#8217;Oc\u00e9an et la plage des embruns. Dans l&#8217;enceinte du centre de R\u00e9\u00e9ducation et R\u00e9adaptation Fonctionnelle &#8220;Les Embruns&#8221;, dans un b\u00e2timent ind\u00e9pendant front mer. Id\u00e9al pour se relaxer apr\u00e8s la consultation et se ressourcer face \u00e0 l&#8217;Oc\u00e9an, marcher sur la plage&#8230; Adresse :&hellip; <a href=\"https:\/\/www.chirocean.fr\/en\/cabinet-chiropraxie\/\" class=\"more-link\">Continue reading <span class=\"screen-reader-text\">Cabinet de chiropraxie \u00e0 Bidart<\/span><\/a><\/p>\n","protected":false},"author":1,"featured_media":0,"parent":0,"menu_order":0,"comment_status":"closed","ping_status":"closed","template":"","meta":{"footnotes":""},"class_list":["post-12","page","type-page","status-publish","hentry","without-featured-image"],"translation":{"provider":"WPGlobus","version":"3.0.2","language":"en","enabled_languages":["fr","en","es","eu"],"languages":{"fr":{"title":true,"content":true,"excerpt":false},"en":{"title":false,"content":false,"excerpt":false},"es":{"title":false,"content":false,"excerpt":false},"eu":{"title":false,"content":false,"excerpt":false}}},"yoast_head":"<!-- This site is optimized with the Yoast SEO plugin v27.5 - https:\/\/yoast.com\/product\/yoast-seo-wordpress\/ -->\n<title>Chiropracteur Bidart (pr\u00e8s Biarritz) - Chirocean<\/title>\n<meta name=\"robots\" content=\"index, follow, max-snippet:-1, max-image-preview:large, max-video-preview:-1\" \/>\n<link rel=\"canonical\" href=\"https:\/\/www.chirocean.fr\/cabinet-chiropraxie\/\" \/>\n<meta property=\"og:locale\" content=\"en_US\" \/>\n<meta property=\"og:type\" content=\"article\" \/>\n<meta property=\"og:title\" content=\"Cabinet de chiropraxie \u00e0 Bidart - Pierre Buraglia Chiropractic\" \/>\n<meta property=\"og:url\" content=\"https:\/\/www.chirocean.fr\/cabinet-chiropraxie\/\" \/>\n<meta property=\"og:site_name\" content=\"Pierre Buraglia Chiropractic\" \/>\n<meta property=\"article:modified_time\" content=\"2021-02-01T22:26:56+00:00\" \/>\n<meta property=\"og:image\" content=\"https:\/\/www.chirocean.fr\/wp-content\/uploads\/2020\/06\/85244730_658298811568234_5216947537222565888_n.jpg\" \/>\n\t<meta property=\"og:image:width\" content=\"2048\" \/>\n\t<meta property=\"og:image:height\" content=\"1152\" \/>\n\t<meta property=\"og:image:type\" content=\"image\/jpeg\" \/>\n<meta name=\"twitter:card\" content=\"summary_large_image\" \/>\n<meta name=\"twitter:label1\" content=\"Est. reading time\" \/>\n\t<meta name=\"twitter:data1\" content=\"1 minute\" \/>\n<script type=\"application\/ld+json\" class=\"yoast-schema-graph\">{\"@context\":\"https:\\\/\\\/schema.org\",\"@graph\":[{\"@type\":\"WebPage\",\"@id\":\"https:\\\/\\\/www.chirocean.fr\\\/cabinet-chiropraxie\\\/\",\"url\":\"https:\\\/\\\/www.chirocean.fr\\\/cabinet-chiropraxie\\\/\",\"name\":\"Chiropracteur Bidart (pr\u00e8s Biarritz) - Chirocean\",\"isPartOf\":{\"@id\":\"https:\\\/\\\/www.chirocean.fr\\\/#website\"},\"primaryImageOfPage\":{\"@id\":\"https:\\\/\\\/www.chirocean.fr\\\/cabinet-chiropraxie\\\/#primaryimage\"},\"image\":{\"@id\":\"https:\\\/\\\/www.chirocean.fr\\\/cabinet-chiropraxie\\\/#primaryimage\"},\"thumbnailUrl\":\"https:\\\/\\\/i1.wp.com\\\/www.chirocean.fr\\\/wp-content\\\/uploads\\\/2020\\\/06\\\/85244730_658298811568234_5216947537222565888_n.jpg?fit=825%2C464&amp;ssl=1\",\"datePublished\":\"2019-06-05T11:22:16+00:00\",\"dateModified\":\"2021-02-01T22:26:56+00:00\",\"description\":\"Le cabinet de chiropraxie de Pierre Buraglia est situ\u00e9 \u00e0 Bidart, pr\u00e8s de Biarritz, face \u00e0 l'Oc\u00e9an et la plage des embruns.\",\"breadcrumb\":{\"@id\":\"https:\\\/\\\/www.chirocean.fr\\\/cabinet-chiropraxie\\\/#breadcrumb\"},\"inLanguage\":\"en-US\",\"potentialAction\":[{\"@type\":\"ReadAction\",\"target\":[\"https:\\\/\\\/www.chirocean.fr\\\/cabinet-chiropraxie\\\/\"]}]},{\"@type\":\"ImageObject\",\"inLanguage\":\"en-US\",\"@id\":\"https:\\\/\\\/www.chirocean.fr\\\/cabinet-chiropraxie\\\/#primaryimage\",\"url\":\"https:\\\/\\\/i1.wp.com\\\/www.chirocean.fr\\\/wp-content\\\/uploads\\\/2020\\\/06\\\/85244730_658298811568234_5216947537222565888_n.jpg?fit=825%2C464&amp;ssl=1\",\"contentUrl\":\"https:\\\/\\\/i1.wp.com\\\/www.chirocean.fr\\\/wp-content\\\/uploads\\\/2020\\\/06\\\/85244730_658298811568234_5216947537222565888_n.jpg?fit=825%2C464&amp;ssl=1\"},{\"@type\":\"BreadcrumbList\",\"@id\":\"https:\\\/\\\/www.chirocean.fr\\\/cabinet-chiropraxie\\\/#breadcrumb\",\"itemListElement\":[{\"@type\":\"ListItem\",\"position\":1,\"name\":\"Accueil\",\"item\":\"https:\\\/\\\/www.chirocean.fr\\\/\"},{\"@type\":\"ListItem\",\"position\":2,\"name\":\"Cabinet de chiropraxie \u00e0 Bidart\"}]},{\"@type\":\"WebSite\",\"@id\":\"https:\\\/\\\/www.chirocean.fr\\\/#website\",\"url\":\"https:\\\/\\\/www.chirocean.fr\\\/\",\"name\":\"Pierre Buraglia Chiropractic\",\"description\":\"&quot;Let your body express it full potential&quot;\",\"publisher\":{\"@id\":\"https:\\\/\\\/www.chirocean.fr\\\/#organization\"},\"potentialAction\":[{\"@type\":\"SearchAction\",\"target\":{\"@type\":\"EntryPoint\",\"urlTemplate\":\"https:\\\/\\\/www.chirocean.fr\\\/?s={search_term_string}\"},\"query-input\":{\"@type\":\"PropertyValueSpecification\",\"valueRequired\":true,\"valueName\":\"search_term_string\"}}],\"inLanguage\":\"en-US\"},{\"@type\":\"Organization\",\"@id\":\"https:\\\/\\\/www.chirocean.fr\\\/#organization\",\"name\":\"Pierre Buraglia Chiropractic\",\"url\":\"https:\\\/\\\/www.chirocean.fr\\\/\",\"logo\":{\"@type\":\"ImageObject\",\"inLanguage\":\"en-US\",\"@id\":\"https:\\\/\\\/www.chirocean.fr\\\/#\\\/schema\\\/logo\\\/image\\\/\",\"url\":\"https:\\\/\\\/www.chirocean.fr\\\/wp-content\\\/uploads\\\/2019\\\/08\\\/cropped-Chiroc\u00e9an-ombre.jpg\",\"contentUrl\":\"https:\\\/\\\/www.chirocean.fr\\\/wp-content\\\/uploads\\\/2019\\\/08\\\/cropped-Chiroc\u00e9an-ombre.jpg\",\"width\":4577,\"height\":1271,\"caption\":\"Pierre Buraglia Chiropractic\"},\"image\":{\"@id\":\"https:\\\/\\\/www.chirocean.fr\\\/#\\\/schema\\\/logo\\\/image\\\/\"}}]}<\/script>\n<!-- \/ Yoast SEO plugin. -->","yoast_head_json":{"title":"Chiropracteur Bidart (pr\u00e8s Biarritz) - Chirocean","robots":{"index":"index","follow":"follow","max-snippet":"max-snippet:-1","max-image-preview":"max-image-preview:large","max-video-preview":"max-video-preview:-1"},"canonical":"https:\/\/www.chirocean.fr\/cabinet-chiropraxie\/","og_locale":"en_US","og_type":"article","og_title":"Cabinet de chiropraxie \u00e0 Bidart - Pierre Buraglia Chiropractic","og_url":"https:\/\/www.chirocean.fr\/cabinet-chiropraxie\/","og_site_name":"Pierre Buraglia Chiropractic","article_modified_time":"2021-02-01T22:26:56+00:00","og_image":[{"width":2048,"height":1152,"url":"https:\/\/www.chirocean.fr\/wp-content\/uploads\/2020\/06\/85244730_658298811568234_5216947537222565888_n.jpg","type":"image\/jpeg"}],"twitter_card":"summary_large_image","twitter_misc":{"Est. reading time":"1 minute"},"schema":{"@context":"https:\/\/schema.org","@graph":[{"@type":"WebPage","@id":"https:\/\/www.chirocean.fr\/cabinet-chiropraxie\/","url":"https:\/\/www.chirocean.fr\/cabinet-chiropraxie\/","name":"Chiropracteur Bidart (pr\u00e8s Biarritz) - Chirocean","isPartOf":{"@id":"https:\/\/www.chirocean.fr\/#website"},"primaryImageOfPage":{"@id":"https:\/\/www.chirocean.fr\/cabinet-chiropraxie\/#primaryimage"},"image":{"@id":"https:\/\/www.chirocean.fr\/cabinet-chiropraxie\/#primaryimage"},"thumbnailUrl":"https:\/\/i1.wp.com\/www.chirocean.fr\/wp-content\/uploads\/2020\/06\/85244730_658298811568234_5216947537222565888_n.jpg?fit=825%2C464&amp;ssl=1","datePublished":"2019-06-05T11:22:16+00:00","dateModified":"2021-02-01T22:26:56+00:00","description":"Le cabinet de chiropraxie de Pierre Buraglia est situ\u00e9 \u00e0 Bidart, pr\u00e8s de Biarritz, face \u00e0 l'Oc\u00e9an et la plage des embruns.","breadcrumb":{"@id":"https:\/\/www.chirocean.fr\/cabinet-chiropraxie\/#breadcrumb"},"inLanguage":"en-US","potentialAction":[{"@type":"ReadAction","target":["https:\/\/www.chirocean.fr\/cabinet-chiropraxie\/"]}]},{"@type":"ImageObject","inLanguage":"en-US","@id":"https:\/\/www.chirocean.fr\/cabinet-chiropraxie\/#primaryimage","url":"https:\/\/i1.wp.com\/www.chirocean.fr\/wp-content\/uploads\/2020\/06\/85244730_658298811568234_5216947537222565888_n.jpg?fit=825%2C464&amp;ssl=1","contentUrl":"https:\/\/i1.wp.com\/www.chirocean.fr\/wp-content\/uploads\/2020\/06\/85244730_658298811568234_5216947537222565888_n.jpg?fit=825%2C464&amp;ssl=1"},{"@type":"BreadcrumbList","@id":"https:\/\/www.chirocean.fr\/cabinet-chiropraxie\/#breadcrumb","itemListElement":[{"@type":"ListItem","position":1,"name":"Accueil","item":"https:\/\/www.chirocean.fr\/"},{"@type":"ListItem","position":2,"name":"Cabinet de chiropraxie \u00e0 Bidart"}]},{"@type":"WebSite","@id":"https:\/\/www.chirocean.fr\/#website","url":"https:\/\/www.chirocean.fr\/","name":"Pierre Buraglia Chiropractic","description":"&quot;Let your body express it full potential&quot;","publisher":{"@id":"https:\/\/www.chirocean.fr\/#organization"},"potentialAction":[{"@type":"SearchAction","target":{"@type":"EntryPoint","urlTemplate":"https:\/\/www.chirocean.fr\/?s={search_term_string}"},"query-input":{"@type":"PropertyValueSpecification","valueRequired":true,"valueName":"search_term_string"}}],"inLanguage":"en-US"},{"@type":"Organization","@id":"https:\/\/www.chirocean.fr\/#organization","name":"Pierre Buraglia Chiropractic","url":"https:\/\/www.chirocean.fr\/","logo":{"@type":"ImageObject","inLanguage":"en-US","@id":"https:\/\/www.chirocean.fr\/#\/schema\/logo\/image\/","url":"https:\/\/www.chirocean.fr\/wp-content\/uploads\/2019\/08\/cropped-Chiroc\u00e9an-ombre.jpg","contentUrl":"https:\/\/www.chirocean.fr\/wp-content\/uploads\/2019\/08\/cropped-Chiroc\u00e9an-ombre.jpg","width":4577,"height":1271,"caption":"Pierre Buraglia Chiropractic"},"image":{"@id":"https:\/\/www.chirocean.fr\/#\/schema\/logo\/image\/"}}]}},"_links":{"self":[{"href":"https:\/\/www.chirocean.fr\/en\/wp-json\/wp\/v2\/pages\/12","targetHints":{"allow":["GET"]}}],"collection":[{"href":"https:\/\/www.chirocean.fr\/en\/wp-json\/wp\/v2\/pages"}],"about":[{"href":"https:\/\/www.chirocean.fr\/en\/wp-json\/wp\/v2\/types\/page"}],"author":[{"embeddable":true,"href":"https:\/\/www.chirocean.fr\/en\/wp-json\/wp\/v2\/users\/1"}],"replies":[{"embeddable":true,"href":"https:\/\/www.chirocean.fr\/en\/wp-json\/wp\/v2\/comments?post=12"}],"version-history":[{"count":24,"href":"https:\/\/www.chirocean.fr\/en\/wp-json\/wp\/v2\/pages\/12\/revisions"}],"predecessor-version":[{"id":822,"href":"https:\/\/www.chirocean.fr\/en\/wp-json\/wp\/v2\/pages\/12\/revisions\/822"}],"wp:attachment":[{"href":"https:\/\/www.chirocean.fr\/en\/wp-json\/wp\/v2\/media?parent=12"}],"curies":[{"name":"wp","href":"https:\/\/api.w.org\/{rel}","templated":true}]}}